{"id":2408,"date":"2024-05-22T16:34:16","date_gmt":"2024-05-22T16:34:16","guid":{"rendered":"https:\/\/demo.thepvinhthanh.com\/?page_id=2408"},"modified":"2025-05-04T13:35:25","modified_gmt":"2025-05-04T13:35:25","slug":"contact-2","status":"publish","type":"page","link":"https:\/\/thepvinhthanh.com\/?page_id=2408&lang=en","title":{"rendered":"Contact"},"content":{"rendered":"\t<section class=\"section\" id=\"section_1290305607\">\n\t\t<div class=\"bg section-bg fill bg-fill  bg-loaded\" >\n\n\t\t\t\n\t\t\t\n\t\t\t\n\n\t\t<\/div>\n\n\t\t\n\n\t\t<div class=\"section-content relative\">\n\t\t\t\n<div class=\"row align-equal\"  id=\"row-1401844903\">\n\n\t<div id=\"col-1285330917\" class=\"col small-12 large-12\"  >\n\t\t\t\t<div class=\"col-inner\"  >\n\t\t\t\n\t\t\t\n\n\n\t<div id=\"gap-612743119\" class=\"gap-element clearfix\" style=\"display:block; height:auto;\">\n\t\t\n<style>\n#gap-612743119 {\n  padding-top: 100px;\n}\n<\/style>\n\t<\/div>\n\t\n\n<p><iframe loading=\"lazy\" \n  style=\"border: 0; border-radius: 15px; box-shadow: 0 4px 8px rgba(0, 0, 0, 0.1);\" \n  src=\"https:\/\/www.google.com\/maps\/embed?pb=!1m18!1m12!1m3!1d3918.3115125466106!2d106.50010727508452!3d10.863894457574172!2m3!1f0!2f0!3f0!3m2!1i1024!2i768!4f13.1!3m3!1m2!1s0x310ad5131f1dc0ed%3A0x8493cfde539fba3!2zQ8O0bmcgVHkgVG5oaCBUaMOpcCBWxKluaCBUaMOgbmg!5e0!3m2!1svi!2s!4v1690877846478!5m2!1svi!2s\" \n  width=\"100%\" \n  height=\"250\" \n  allowfullscreen=\"allowfullscreen\" \n  data-mce-fragment=\"1\"><br \/>\n<\/iframe><br \/>\n\n\t<div id=\"gap-1764430880\" class=\"gap-element clearfix\" style=\"display:block; height:auto;\">\n\t\t\n<style>\n#gap-1764430880 {\n  padding-top: 10px;\n}\n<\/style>\n\t<\/div>\n\t\n\t<div id=\"gap-436151480\" class=\"gap-element clearfix\" style=\"display:block; height:auto;\">\n\t\t\n<style>\n#gap-436151480 {\n  padding-top: 20px;\n}\n<\/style>\n\t<\/div>\n\t\n\n<p><center><\/p>\n<h2 class=\"gioithieu-title\">Contact Information<\/span><\/h2>\n<p><\/center><br \/>\n\n\t<div id=\"gap-1849257725\" class=\"gap-element clearfix\" style=\"display:block; height:auto;\">\n\t\t\n<style>\n#gap-1849257725 {\n  padding-top: 20px;\n}\n<\/style>\n\t<\/div>\n\t\n<div class=\"row\"  id=\"row-791649625\">\n\n\t<div id=\"col-1782833531\" class=\"col medium-6 small-12 large-6\"  >\n\t\t\t\t<div class=\"col-inner\"  >\n\t\t\t\n\t\t\t\n\n<div class=\"wpcf7 no-js\" id=\"wpcf7-f8070-o1\" lang=\"vi\" dir=\"ltr\" data-wpcf7-id=\"8070\">\n<div class=\"screen-reader-response\"><p role=\"status\" aria-live=\"polite\" aria-atomic=\"true\"><\/p> <ul><\/ul><\/div>\n<form action=\"\/index.php?rest_route=%2Fwp%2Fv2%2Fpages%2F2408#wpcf7-f8070-o1\" method=\"post\" class=\"wpcf7-form init\" aria-label=\"Form li\u00ean h\u1ec7\" novalidate=\"novalidate\" data-status=\"init\">\n<div style=\"display: none;\">\n<input type=\"hidden\" name=\"_wpcf7\" value=\"8070\" \/>\n<input type=\"hidden\" name=\"_wpcf7_version\" value=\"6.0.5\" \/>\n<input type=\"hidden\" name=\"_wpcf7_locale\" value=\"vi\" \/>\n<input type=\"hidden\" name=\"_wpcf7_unit_tag\" value=\"wpcf7-f8070-o1\" \/>\n<input type=\"hidden\" name=\"_wpcf7_container_post\" value=\"0\" \/>\n<input type=\"hidden\" name=\"_wpcf7_posted_data_hash\" value=\"\" \/>\n<\/div>\n<div class=\"form-wrapper\">\n\t<div class=\"form-group\">\n\t\t<p><label for=\"inName\">Full Name<\/label><br \/>\n<span class=\"wpcf7-form-control-wrap\" data-name=\"your-name\"><input size=\"40\" maxlength=\"400\" class=\"wpcf7-form-control wpcf7-text wpcf7-validates-as-required\" id=\"inName\" aria-required=\"true\" aria-invalid=\"false\" placeholder=\"Enter your full name\" value=\"\" type=\"text\" name=\"your-name\" \/><\/span>\n\t\t<\/p>\n\t<\/div>\n\t<div class=\"form-group\">\n\t\t<p><label for=\"inEmail\">Email<\/label><br \/>\n<span class=\"wpcf7-form-control-wrap\" data-name=\"your-email\"><input size=\"40\" maxlength=\"400\" class=\"wpcf7-form-control wpcf7-email wpcf7-validates-as-required wpcf7-text wpcf7-validates-as-email\" id=\"inEmail\" aria-required=\"true\" aria-invalid=\"false\" placeholder=\"Enter your email\" value=\"\" type=\"email\" name=\"your-email\" \/><\/span>\n\t\t<\/p>\n\t<\/div>\n\t<div class=\"form-group\">\n\t\t<p><label for=\"inPhone\">Phone<\/label><br \/>\n<span class=\"wpcf7-form-control-wrap\" data-name=\"your-phone\"><input size=\"40\" maxlength=\"400\" class=\"wpcf7-form-control wpcf7-tel wpcf7-text wpcf7-validates-as-tel\" id=\"inPhone\" aria-invalid=\"false\" placeholder=\"Enter your phone number\" value=\"\" type=\"tel\" name=\"your-phone\" \/><\/span>\n\t\t<\/p>\n\t<\/div>\n\t<div class=\"form-group\">\n\t\t<p><label for=\"inCompany\">Company<\/label><br \/>\n<span class=\"wpcf7-form-control-wrap\" data-name=\"your-subject\"><input size=\"40\" maxlength=\"400\" class=\"wpcf7-form-control wpcf7-text\" id=\"inCompany\" aria-invalid=\"false\" placeholder=\"Enter company name\" value=\"\" type=\"text\" name=\"your-subject\" \/><\/span>\n\t\t<\/p>\n\t<\/div>\n\t<div class=\"form-group\">\n\t\t<p><label for=\"inMessage\">Message<\/label><br \/>\n<span class=\"wpcf7-form-control-wrap\" data-name=\"your-message\"><textarea cols=\"40\" rows=\"10\" maxlength=\"2000\" class=\"wpcf7-form-control wpcf7-textarea\" id=\"inMessage\" aria-invalid=\"false\" placeholder=\"Please enter your message here\" name=\"your-message\"><\/textarea><\/span>\n\t\t<\/p>\n\t<\/div>\n\t<div class=\"form-submit\">\n\t\t<p><input class=\"wpcf7-form-control wpcf7-submit has-spinner inBut\" type=\"submit\" value=\"Send\" \/>\n\t\t<\/p>\n\t<\/div>\n<\/div><input type='hidden' class='wpcf7-pum' value='{\"closepopup\":false,\"closedelay\":0,\"openpopup\":false,\"openpopup_id\":0}' \/><div class=\"wpcf7-response-output\" aria-hidden=\"true\"><\/div>\n<\/form>\n<\/div>\n\n\t\t<\/div>\n\t\t\t\t\t<\/div>\n\n\t\n\n\t<div id=\"col-1933496012\" class=\"col medium-6 small-12 large-6\"  >\n\t\t\t\t<div class=\"col-inner\"  >\n\t\t\t\n\t\t\t\n\t<div id=\"gap-1135880909\" class=\"gap-element clearfix\" style=\"display:block; height:auto;\">\n\t\t\n<style>\n#gap-1135880909 {\n  padding-top: 50px;\n}\n<\/style>\n\t<\/div>\n\t\n\n\t\t<div class=\"icon-box featured-box icon-box-left text-left\"  >\n\t\t\t\t\t<div class=\"icon-box-img\" style=\"width: 30px\">\n\t\t\t\t<div class=\"icon\">\n\t\t\t\t\t<div class=\"icon-inner\" >\n\t\t\t\t\t\t<img loading=\"lazy\" decoding=\"async\" width=\"240\" height=\"240\" src=\"https:\/\/thepvinhthanh.com\/wp-content\/uploads\/2024\/03\/phone-fill.png\" class=\"attachment-medium size-medium wvs-archive-product-image\" alt=\"\" \/>\t\t\t\t\t<\/div>\n\t\t\t\t<\/div>\n\t\t\t<\/div>\n\t\t\t\t<div class=\"icon-box-text last-reset\">\n\t\t\t\t\t\t\t\t\t\n<h3 class=\"tieude-title\">Phone<\/h3>\n<p><\/br><\/p>\n<p><b>Hotline:<\/b> 02723819694 &#8211; 02723819695 &#8211; 02723819696<\/p>\n<p><\/br><\/p>\n<p><b>Recruitment Contact Number<\/b>: 0982197902 &#8211; Ms. Hoa<\/p>\n<p><\/br><\/p>\n<p><b>Thu mua:<\/b> 0933426484 &#8211; Ms. H\u01b0\u01a1ng<\/p>\n<p><\/br><\/p>\n<p><b>Xu\u1ea5t nh\u1eadp kh\u1ea9u:<\/b> 0934309705 &#8211; Ms. Thu<\/p>\n\t\t<\/div>\n\t<\/div>\n\t\n\t\n\t<div id=\"gap-2070237143\" class=\"gap-element clearfix\" style=\"display:block; height:auto;\">\n\t\t\n<style>\n#gap-2070237143 {\n  padding-top: 35px;\n}\n<\/style>\n\t<\/div>\n\t\n\n\t\t<div class=\"icon-box featured-box icon-box-left text-left\"  >\n\t\t\t\t\t<div class=\"icon-box-img\" style=\"width: 30px\">\n\t\t\t\t<div class=\"icon\">\n\t\t\t\t\t<div class=\"icon-inner\" >\n\t\t\t\t\t\t<img loading=\"lazy\" decoding=\"async\" width=\"240\" height=\"240\" src=\"https:\/\/thepvinhthanh.com\/wp-content\/uploads\/2024\/03\/mail-open-fill.png\" class=\"attachment-medium size-medium wvs-archive-product-image\" alt=\"\" \/>\t\t\t\t\t<\/div>\n\t\t\t\t<\/div>\n\t\t\t<\/div>\n\t\t\t\t<div class=\"icon-box-text last-reset\">\n\t\t\t\t\t\t\t\t\t\n<h3 class=\"tieude-title\">Email: <\/span><\/h3>\n<p><span style=\"color: #555555; font-size: 15px;\">thepvinhthanhvn@gmail.com<\/span><\/p>\n\t\t<\/div>\n\t<\/div>\n\t\n\t\n\t<div id=\"gap-2011034660\" class=\"gap-element clearfix\" style=\"display:block; height:auto;\">\n\t\t\n<style>\n#gap-2011034660 {\n  padding-top: 35px;\n}\n<\/style>\n\t<\/div>\n\t\n\n\t\t<div class=\"icon-box featured-box icon-box-left text-left\"  >\n\t\t\t\t\t<div class=\"icon-box-img\" style=\"width: 30px\">\n\t\t\t\t<div class=\"icon\">\n\t\t\t\t\t<div class=\"icon-inner\" >\n\t\t\t\t\t\t<img loading=\"lazy\" decoding=\"async\" width=\"240\" height=\"240\" src=\"https:\/\/thepvinhthanh.com\/wp-content\/uploads\/2024\/03\/map-pin-2-fill-2.png\" class=\"attachment-medium size-medium wvs-archive-product-image\" alt=\"\" \/>\t\t\t\t\t<\/div>\n\t\t\t\t<\/div>\n\t\t\t<\/div>\n\t\t\t\t<div class=\"icon-box-text last-reset\">\n\t\t\t\t\t\t\t\t\t\n<h3 class=\"tieude-title\">Address: <\/span><\/h3>\n<p><span style=\"color: #555555; font-size: 15px;\">Royal Industrial Cluster, My Hanh Nam Commune, Duc Hoa District, Long An Province<\/span><\/p>\n\t\t<\/div>\n\t<\/div>\n\t\n\t\n\t\t<\/div>\n\t\t\t\t\t<\/div>\n\n\t\n<\/div>\n\t\t<\/div>\n\t\t\t\t\t<\/div>\n\n\t\n<\/div>\n\t\t<\/div>\n\n\t\t\n<style>\n#section_1290305607 {\n  padding-top: 30px;\n  padding-bottom: 30px;\n}\n#section_1290305607 .ux-shape-divider--top svg {\n  height: 150px;\n  --divider-top-width: 100%;\n}\n#section_1290305607 .ux-shape-divider--bottom svg {\n  height: 150px;\n  --divider-width: 100%;\n}\n<\/style>\n\t<\/section>\n\t\n","protected":false},"excerpt":{"rendered":"","protected":false},"author":2,"featured_media":0,"parent":0,"menu_order":0,"comment_status":"closed","ping_status":"closed","template":"page-blank.php","meta":{"inline_featured_image":false,"footnotes":""},"class_list":["post-2408","page","type-page","status-publish","hentry"],"yoast_head":"<!-- This site is optimized with the Yoast SEO plugin v21.0 - https:\/\/yoast.com\/wordpress\/plugins\/seo\/ -->\n<title>Contact - C\u00f4ng Ty TNHH Th\u00e9p V\u0129nh Th\u00e0nh<\/title>\n<meta name=\"robots\" content=\"index, follow, max-snippet:-1, max-image-preview:large, max-video-preview:-1\" \/>\n<link rel=\"canonical\" href=\"https:\/\/thepvinhthanh.com\/?page_id=2408&lang=en\" \/>\n<meta property=\"og:locale\" content=\"vi_VN\" \/>\n<meta property=\"og:type\" content=\"article\" \/>\n<meta property=\"og:title\" content=\"Contact - C\u00f4ng Ty TNHH Th\u00e9p V\u0129nh Th\u00e0nh\" \/>\n<meta property=\"og:url\" content=\"https:\/\/thepvinhthanh.com\/?page_id=2408&amp;lang=en\" \/>\n<meta property=\"og:site_name\" content=\"C\u00f4ng Ty TNHH Th\u00e9p V\u0129nh Th\u00e0nh\" \/>\n<meta property=\"article:modified_time\" content=\"2025-05-04T13:35:25+00:00\" \/>\n<meta name=\"twitter:card\" content=\"summary_large_image\" \/>\n<meta name=\"twitter:label1\" content=\"\u01af\u1edbc t\u00ednh th\u1eddi gian \u0111\u1ecdc\" \/>\n\t<meta name=\"twitter:data1\" content=\"1 ph\u00fat\" \/>\n<script type=\"application\/ld+json\" class=\"yoast-schema-graph\">{\"@context\":\"https:\/\/schema.org\",\"@graph\":[{\"@type\":\"WebPage\",\"@id\":\"https:\/\/thepvinhthanh.com\/?page_id=2408&lang=en\",\"url\":\"https:\/\/thepvinhthanh.com\/?page_id=2408&lang=en\",\"name\":\"Contact - C\u00f4ng Ty TNHH Th\u00e9p V\u0129nh Th\u00e0nh\",\"isPartOf\":{\"@id\":\"https:\/\/thepvinhthanh.com\/#website\"},\"datePublished\":\"2024-05-22T16:34:16+00:00\",\"dateModified\":\"2025-05-04T13:35:25+00:00\",\"breadcrumb\":{\"@id\":\"https:\/\/thepvinhthanh.com\/?page_id=2408&lang=en#breadcrumb\"},\"inLanguage\":\"vi\",\"potentialAction\":[{\"@type\":\"ReadAction\",\"target\":[\"https:\/\/thepvinhthanh.com\/?page_id=2408&lang=en\"]}]},{\"@type\":\"BreadcrumbList\",\"@id\":\"https:\/\/thepvinhthanh.com\/?page_id=2408&lang=en#breadcrumb\",\"itemListElement\":[{\"@type\":\"ListItem\",\"position\":1,\"name\":\"Trang ch\u1ee7\",\"item\":\"https:\/\/thepvinhthanh.com\/\"},{\"@type\":\"ListItem\",\"position\":2,\"name\":\"Contact\"}]},{\"@type\":\"WebSite\",\"@id\":\"https:\/\/thepvinhthanh.com\/#website\",\"url\":\"https:\/\/thepvinhthanh.com\/\",\"name\":\"C\u00f4ng Ty TNHH Th\u00e9p V\u0129nh Th\u00e0nh\",\"description\":\"\",\"potentialAction\":[{\"@type\":\"SearchAction\",\"target\":{\"@type\":\"EntryPoint\",\"urlTemplate\":\"https:\/\/thepvinhthanh.com\/?s={search_term_string}\"},\"query-input\":\"required name=search_term_string\"}],\"inLanguage\":\"vi\"}]}<\/script>\n<!-- \/ Yoast SEO plugin. -->","yoast_head_json":{"title":"Contact - C\u00f4ng Ty TNHH Th\u00e9p V\u0129nh Th\u00e0nh","robots":{"index":"index","follow":"follow","max-snippet":"max-snippet:-1","max-image-preview":"max-image-preview:large","max-video-preview":"max-video-preview:-1"},"canonical":"https:\/\/thepvinhthanh.com\/?page_id=2408&lang=en","og_locale":"vi_VN","og_type":"article","og_title":"Contact - C\u00f4ng Ty TNHH Th\u00e9p V\u0129nh Th\u00e0nh","og_url":"https:\/\/thepvinhthanh.com\/?page_id=2408&lang=en","og_site_name":"C\u00f4ng Ty TNHH Th\u00e9p V\u0129nh Th\u00e0nh","article_modified_time":"2025-05-04T13:35:25+00:00","twitter_card":"summary_large_image","twitter_misc":{"\u01af\u1edbc t\u00ednh th\u1eddi gian \u0111\u1ecdc":"1 ph\u00fat"},"schema":{"@context":"https:\/\/schema.org","@graph":[{"@type":"WebPage","@id":"https:\/\/thepvinhthanh.com\/?page_id=2408&lang=en","url":"https:\/\/thepvinhthanh.com\/?page_id=2408&lang=en","name":"Contact - C\u00f4ng Ty TNHH Th\u00e9p V\u0129nh Th\u00e0nh","isPartOf":{"@id":"https:\/\/thepvinhthanh.com\/#website"},"datePublished":"2024-05-22T16:34:16+00:00","dateModified":"2025-05-04T13:35:25+00:00","breadcrumb":{"@id":"https:\/\/thepvinhthanh.com\/?page_id=2408&lang=en#breadcrumb"},"inLanguage":"vi","potentialAction":[{"@type":"ReadAction","target":["https:\/\/thepvinhthanh.com\/?page_id=2408&lang=en"]}]},{"@type":"BreadcrumbList","@id":"https:\/\/thepvinhthanh.com\/?page_id=2408&lang=en#breadcrumb","itemListElement":[{"@type":"ListItem","position":1,"name":"Trang ch\u1ee7","item":"https:\/\/thepvinhthanh.com\/"},{"@type":"ListItem","position":2,"name":"Contact"}]},{"@type":"WebSite","@id":"https:\/\/thepvinhthanh.com\/#website","url":"https:\/\/thepvinhthanh.com\/","name":"C\u00f4ng Ty TNHH Th\u00e9p V\u0129nh Th\u00e0nh","description":"","potentialAction":[{"@type":"SearchAction","target":{"@type":"EntryPoint","urlTemplate":"https:\/\/thepvinhthanh.com\/?s={search_term_string}"},"query-input":"required name=search_term_string"}],"inLanguage":"vi"}]}},"lang":"en","translations":{"en":2408,"zh":1046,"vi":2428},"pll_sync_post":[],"_links":{"self":[{"href":"https:\/\/thepvinhthanh.com\/index.php?rest_route=\/wp\/v2\/pages\/2408","targetHints":{"allow":["GET"]}}],"collection":[{"href":"https:\/\/thepvinhthanh.com\/index.php?rest_route=\/wp\/v2\/pages"}],"about":[{"href":"https:\/\/thepvinhthanh.com\/index.php?rest_route=\/wp\/v2\/types\/page"}],"author":[{"embeddable":true,"href":"https:\/\/thepvinhthanh.com\/index.php?rest_route=\/wp\/v2\/users\/2"}],"replies":[{"embeddable":true,"href":"https:\/\/thepvinhthanh.com\/index.php?rest_route=%2Fwp%2Fv2%2Fcomments&post=2408"}],"version-history":[{"count":23,"href":"https:\/\/thepvinhthanh.com\/index.php?rest_route=\/wp\/v2\/pages\/2408\/revisions"}],"predecessor-version":[{"id":8458,"href":"https:\/\/thepvinhthanh.com\/index.php?rest_route=\/wp\/v2\/pages\/2408\/revisions\/8458"}],"wp:attachment":[{"href":"https:\/\/thepvinhthanh.com\/index.php?rest_route=%2Fwp%2Fv2%2Fmedia&parent=2408"}],"curies":[{"name":"wp","href":"https:\/\/api.w.org\/{rel}","templated":true}]}}