{"id":972,"date":"2023-06-27T07:33:44","date_gmt":"2023-06-27T07:33:44","guid":{"rendered":"https:\/\/demo.thepvinhthanh.com\/?page_id=972"},"modified":"2025-11-13T15:21:24","modified_gmt":"2025-11-13T15:21:24","slug":"about-vinh-thanh-steel","status":"publish","type":"page","link":"https:\/\/thepvinhthanh.com\/?page_id=972&lang=en","title":{"rendered":"About Vinh Thanh Steel"},"content":{"rendered":"\n  <div class=\"banner has-hover\" id=\"banner-756373261\">\n          <div class=\"banner-inner fill\">\n        <div class=\"banner-bg fill\" >\n            <div class=\"bg fill bg-fill \"><\/div>\n                                    \n                    <\/div>\n\t\t\n        <div class=\"banner-layers container\">\n            <div class=\"fill banner-link\"><\/div>            \n        <\/div>\n      <\/div>\n\n            \n<style>\n#banner-756373261 {\n  padding-top: 500px;\n}\n#banner-756373261 .bg.bg-loaded {\n  background-image: url(https:\/\/thepvinhthanh.com\/wp-content\/uploads\/2025\/03\/4-1.jpg);\n}\n#banner-756373261 .ux-shape-divider--top svg {\n  height: 150px;\n  --divider-top-width: 100%;\n}\n#banner-756373261 .ux-shape-divider--bottom svg {\n  height: 150px;\n  --divider-width: 100%;\n}\n<\/style>\n  <\/div>\n\n\n\t<div id=\"gap-1701486686\" class=\"gap-element clearfix\" style=\"display:block; height:auto;\">\n\t\t\n<style>\n#gap-1701486686 {\n  padding-top: 60px;\n}\n<\/style>\n\t<\/div>\n\t\n<div class=\"row row-small custom-border-radius hide-for-small\"  id=\"row-1031141862\">\n\n\t<div id=\"col-1642979560\" class=\"col medium-6 small-12 large-3\"  >\n\t\t\t\t<div class=\"col-inner\"  >\n\t\t\t\n\t\t\t\n<div class=\"slider-wrapper relative custom-border-radius\" id=\"slider-1847106030\" >\n    <div class=\"slider slider-nav-circle slider-nav-large slider-nav-light slider-style-normal\"\n        data-flickity-options='{\n            \"cellAlign\": \"center\",\n            \"imagesLoaded\": true,\n            \"lazyLoad\": 1,\n            \"freeScroll\": false,\n            \"wrapAround\": true,\n            \"autoPlay\": 6000,\n            \"pauseAutoPlayOnHover\" : true,\n            \"prevNextButtons\": true,\n            \"contain\" : true,\n            \"adaptiveHeight\" : true,\n            \"dragThreshold\" : 10,\n            \"percentPosition\": true,\n            \"pageDots\": true,\n            \"rightToLeft\": false,\n            \"draggable\": true,\n            \"selectedAttraction\": 0.1,\n            \"parallax\" : 0,\n            \"friction\": 0.6        }'\n        >\n        \n\n  <div class=\"banner has-hover foggy-image bg-zoom\" id=\"banner-1418050533\">\n          <div class=\"banner-inner fill\">\n        <div class=\"banner-bg fill\" >\n            <div class=\"bg fill bg-fill \"><\/div>\n                                    \n                    <\/div>\n\t\t\n        <div class=\"banner-layers container\">\n            <div class=\"fill banner-link\"><\/div>            \n   <div id=\"text-box-1056469236\" class=\"text-box banner-layer x50 md-x50 lg-x50 y50 md-y50 lg-y50 res-text\">\n                                <div class=\"text-box-content text dark\">\n              \n              <div class=\"text-inner text-center\">\n                  \n              <\/div>\n           <\/div>\n                            \n<style>\n#text-box-1056469236 {\n  width: 60%;\n}\n#text-box-1056469236 .text-box-content {\n  font-size: 100%;\n}\n<\/style>\n    <\/div>\n \n        <\/div>\n      <\/div>\n\n            \n<style>\n#banner-1418050533 {\n  padding-top: 267px;\n}\n#banner-1418050533 .bg.bg-loaded {\n  background-image: url(https:\/\/thepvinhthanh.com\/wp-content\/uploads\/2024\/12\/72-scaled.jpg);\n}\n#banner-1418050533 .ux-shape-divider--top svg {\n  height: 150px;\n  --divider-top-width: 100%;\n}\n#banner-1418050533 .ux-shape-divider--bottom svg {\n  height: 150px;\n  --divider-width: 100%;\n}\n<\/style>\n  <\/div>\n\n\n     <\/div>\n\n     <div class=\"loading-spin dark large centered\"><\/div>\n\n          <style>\n            #slider-1847106030 .flickity-slider > * { max-width: 350px !important; }\n     <\/style>\n     \t<\/div>\n\n\n\t<div id=\"gap-1296056976\" class=\"gap-element clearfix\" style=\"display:block; height:auto;\">\n\t\t\n<style>\n#gap-1296056976 {\n  padding-top: 15px;\n}\n<\/style>\n\t<\/div>\n\t\n<div class=\"slider-wrapper relative\" id=\"slider-1354947303\" >\n    <div class=\"slider slider-nav-circle slider-nav-large slider-nav-light slider-style-normal\"\n        data-flickity-options='{\n            \"cellAlign\": \"center\",\n            \"imagesLoaded\": true,\n            \"lazyLoad\": 1,\n            \"freeScroll\": false,\n            \"wrapAround\": true,\n            \"autoPlay\": 6000,\n            \"pauseAutoPlayOnHover\" : true,\n            \"prevNextButtons\": true,\n            \"contain\" : true,\n            \"adaptiveHeight\" : true,\n            \"dragThreshold\" : 10,\n            \"percentPosition\": true,\n            \"pageDots\": true,\n            \"rightToLeft\": false,\n            \"draggable\": true,\n            \"selectedAttraction\": 0.1,\n            \"parallax\" : 0,\n            \"friction\": 0.6        }'\n        >\n        \n\n  <div class=\"banner has-hover foggy-image bg-zoom\" id=\"banner-1297041877\">\n          <div class=\"banner-inner fill\">\n        <div class=\"banner-bg fill\" >\n            <div class=\"bg fill bg-fill \"><\/div>\n                                    \n                    <\/div>\n\t\t\n        <div class=\"banner-layers container\">\n            <div class=\"fill banner-link\"><\/div>            \n   <div id=\"text-box-1932882024\" class=\"text-box banner-layer x50 md-x50 lg-x50 y50 md-y50 lg-y50 res-text\">\n                                <div class=\"text-box-content text dark\">\n              \n              <div class=\"text-inner text-center\">\n                  \n              <\/div>\n           <\/div>\n                            \n<style>\n#text-box-1932882024 {\n  width: 60%;\n}\n#text-box-1932882024 .text-box-content {\n  font-size: 100%;\n}\n<\/style>\n    <\/div>\n \n        <\/div>\n      <\/div>\n\n            \n<style>\n#banner-1297041877 {\n  padding-top: 267px;\n}\n#banner-1297041877 .bg.bg-loaded {\n  background-image: url(https:\/\/thepvinhthanh.com\/wp-content\/uploads\/2023\/11\/Wire-Storage-9-scaled.jpg);\n}\n#banner-1297041877 .ux-shape-divider--top svg {\n  height: 150px;\n  --divider-top-width: 100%;\n}\n#banner-1297041877 .ux-shape-divider--bottom svg {\n  height: 150px;\n  --divider-width: 100%;\n}\n<\/style>\n  <\/div>\n\n\n     <\/div>\n\n     <div class=\"loading-spin dark large centered\"><\/div>\n\n          <style>\n            #slider-1354947303 .flickity-slider > * { max-width: 350px !important; }\n     <\/style>\n     \t<\/div>\n\n\n\t\t<\/div>\n\t\t\t\t\n<style>\n#col-1642979560 > .col-inner {\n  border-radius: 5px;\n}\n<\/style>\n\t<\/div>\n\n\t\n\n\t<div id=\"col-1901858680\" class=\"col medium-6 small-12 large-3\"  >\n\t\t\t\t<div class=\"col-inner\"  >\n\t\t\t\n\t\t\t\n<div class=\"slider-wrapper relative\" id=\"slider-208623323\" >\n    <div class=\"slider slider-nav-circle slider-nav-large slider-nav-light slider-style-normal\"\n        data-flickity-options='{\n            \"cellAlign\": \"center\",\n            \"imagesLoaded\": true,\n            \"lazyLoad\": 1,\n            \"freeScroll\": false,\n            \"wrapAround\": true,\n            \"autoPlay\": 6000,\n            \"pauseAutoPlayOnHover\" : true,\n            \"prevNextButtons\": true,\n            \"contain\" : true,\n            \"adaptiveHeight\" : true,\n            \"dragThreshold\" : 10,\n            \"percentPosition\": true,\n            \"pageDots\": true,\n            \"rightToLeft\": false,\n            \"draggable\": true,\n            \"selectedAttraction\": 0.1,\n            \"parallax\" : 0,\n            \"friction\": 0.6        }'\n        >\n        \n\n  <div class=\"banner has-hover foggy-image bg-zoom\" id=\"banner-986804700\">\n          <div class=\"banner-inner fill\">\n        <div class=\"banner-bg fill\" >\n            <div class=\"bg fill bg-fill \"><\/div>\n                                    \n                    <\/div>\n\t\t\n        <div class=\"banner-layers container\">\n            <div class=\"fill banner-link\"><\/div>            \n   <div id=\"text-box-509785481\" class=\"text-box banner-layer x50 md-x50 lg-x50 y50 md-y50 lg-y50 res-text\">\n                                <div class=\"text-box-content text dark\">\n              \n              <div class=\"text-inner text-center\">\n                  \n              <\/div>\n           <\/div>\n                            \n<style>\n#text-box-509785481 {\n  width: 60%;\n}\n#text-box-509785481 .text-box-content {\n  font-size: 100%;\n}\n<\/style>\n    <\/div>\n \n        <\/div>\n      <\/div>\n\n            \n<style>\n#banner-986804700 {\n  padding-top: 550px;\n}\n#banner-986804700 .bg.bg-loaded {\n  background-image: url(https:\/\/thepvinhthanh.com\/wp-content\/uploads\/2024\/09\/IMG_1043.jpg);\n}\n#banner-986804700 .ux-shape-divider--top svg {\n  height: 150px;\n  --divider-top-width: 100%;\n}\n#banner-986804700 .ux-shape-divider--bottom svg {\n  height: 150px;\n  --divider-width: 100%;\n}\n<\/style>\n  <\/div>\n\n\n     <\/div>\n\n     <div class=\"loading-spin dark large centered\"><\/div>\n\n          <style>\n            #slider-208623323 .flickity-slider > * { max-width: 350px !important; }\n     <\/style>\n     \t<\/div>\n\n\n\t\t<\/div>\n\t\t\t\t\t<\/div>\n\n\t\n\n\t<div id=\"col-1662842615\" class=\"col hide-for-small medium-12 small-12 large-6\"  >\n\t\t\t\t<div class=\"col-inner\"  >\n\t\t\t\n\t\t\t\n\t<div id=\"gap-1801444325\" class=\"gap-element clearfix\" style=\"display:block; height:auto;\">\n\t\t\n<style>\n#gap-1801444325 {\n  padding-top: 15px;\n}\n@media (min-width:850px) {\n  #gap-1801444325 {\n    padding-top: 15px;\n  }\n}\n<\/style>\n\t<\/div>\n\t\n\t\t<div class=\"foggy-image\">\n\t\t\t\t\n<h1 class=\"gioithieu-title\">ABOUT US<\/h1>\n\t\t<\/div>\n\t\n<div class=\"is-divider divider clearfix\" ><\/div>\n\t\t<div class=\"hidden\">\n\t\t\t\t\n<p><!DOCTYPE html><html lang=\"en\"><head><meta charset=\"UTF-8\"><meta name=\"viewport\" content=\"width=device-width,initial-scale=1\"><title>Vinh Thanh Steel History<\/title><\/p>\n<style>.text-container{display:inline-block}.text-line{opacity:0;transform:translateY(20px);animation:fadeInUp .5s ease-in-out forwards;font-size:16px}@keyframes fadeInUp{0%{opacity:0;transform:translateY(20px)}100%{opacity:1;transform:translateY(0)}}.text-line:nth-child(1){animation-delay:0s}.text-line:nth-child(2){animation-delay:.5s}.text-line:nth-child(3){animation-delay:1s}.text-line:nth-child(4){animation-delay:1.5s}.text-line:nth-child(5){animation-delay:2s}.text-line:nth-child(6){animation-delay:2.5s}.text-line:nth-child(7){animation-delay:3s}.text-line:nth-child(8){animation-delay:3.5s}.text-line:nth-child(9){animation-delay:4s}.text-line:nth-child(10){animation-delay:4.5s}.text-line:nth-child(11){animation-delay:5s}<\/style>\n<p><\/head><body><\/p>\n<div class=\"text-container\">\n<div class=\"text-line\">In 1996, we proudly began our journey by establishing our first company named Tan Vinh<\/div>\n<div class=\"text-line\">Thanh, with the mission of providing high-quality steel products for the industrial sector.<\/div>\n<div class=\"text-line\">In 2012, to enhance production capacity and meet market demands, we established Vinh<\/div>\n<div class=\"text-line\">Thanh Steel Company and relocated our factory to Duc Hoa District, Long An Province. We<\/div>\n<div class=\"text-line\">provide a wide range of industrial steel products, including rolled steel, cold-rolled steel,<\/div>\n<div class=\"text-line\">polished bar, and custom-shaped steel such as square, rectangular, and hexagonal, with<\/div>\n<div class=\"text-line\">sizes ranging from 1.2 millimeters to 40 millimeters.<\/div>\n<div class=\"text-line\">Vinh Thanh firmly believe that customers\u2019 trust is the best affirmation of our quality. We<\/div>\n<div class=\"text-line\">continuously optimize our technology and production processes to provide higher quality<\/div>\n<div class=\"text-line\">steel. To ensure sustainable development and long-term cooperation, we strictly<\/div>\n<div class=\"text-line\">implement quality management according to the ISO 14001:2015 and ISO 9001:2015 standards.<\/div>\n<\/div>\n<p><\/body><\/html><br \/>\n\t\t<\/div>\n\t\n\n[vt_text_flow_en]\n\n\n\n\t\t<\/div>\n\t\t\t\t\n<style>\n#col-1662842615 > .col-inner {\n  padding: 0px 0px 0px 0;\n}\n@media (min-width:850px) {\n  #col-1662842615 > .col-inner {\n    padding: 0px 0px 0px 10%;\n  }\n}\n<\/style>\n\t<\/div>\n\n\t\n<\/div>\n\t<section class=\"section show-for-medium\" id=\"section_1475006081\">\n\t\t<div class=\"bg section-bg fill bg-fill  bg-loaded\" >\n\n\t\t\t\n\t\t\t\n\t\t\t\n\n\t\t<\/div>\n\n\t\t\n\n\t\t<div class=\"section-content relative\">\n\t\t\t\n<div class=\"slider-wrapper relative\" id=\"slider-468021508\" >\n    <div class=\"slider slider-nav-circle slider-nav-large slider-nav-light slider-style-normal\"\n        data-flickity-options='{\n            \"cellAlign\": \"center\",\n            \"imagesLoaded\": true,\n            \"lazyLoad\": 1,\n            \"freeScroll\": false,\n            \"wrapAround\": true,\n            \"autoPlay\": 6000,\n            \"pauseAutoPlayOnHover\" : true,\n            \"prevNextButtons\": true,\n            \"contain\" : true,\n            \"adaptiveHeight\" : true,\n            \"dragThreshold\" : 10,\n            \"percentPosition\": true,\n            \"pageDots\": true,\n            \"rightToLeft\": false,\n            \"draggable\": true,\n            \"selectedAttraction\": 0.1,\n            \"parallax\" : 0,\n            \"friction\": 0.6        }'\n        >\n        \n\t<div class=\"img has-hover x md-x lg-x y md-y lg-y\" id=\"image_893047191\">\n\t\t\t\t\t\t\t\t<div class=\"img-inner dark\" >\n\t\t\t<img loading=\"lazy\" decoding=\"async\" width=\"1020\" height=\"765\" src=\"https:\/\/thepvinhthanh.com\/wp-content\/uploads\/2025\/03\/72-1-scaled.jpg\" class=\"attachment-large size-large wvs-archive-product-image\" alt=\"\" \/>\t\t\t\t\t\t\n\t\t\t\t\t<\/div>\n\t\t\t\t\t\t\t\t\n<style>\n#image_893047191 {\n  width: 100%;\n}\n<\/style>\n\t<\/div>\n\t\n\t<div class=\"img has-hover x md-x lg-x y md-y lg-y\" id=\"image_1565136481\">\n\t\t\t\t\t\t\t\t<div class=\"img-inner dark\" >\n\t\t\t<img loading=\"lazy\" decoding=\"async\" width=\"1020\" height=\"383\" src=\"https:\/\/thepvinhthanh.com\/wp-content\/uploads\/2025\/03\/4-1.jpg\" class=\"attachment-large size-large wvs-archive-product-image\" alt=\"\" \/>\t\t\t\t\t\t\n\t\t\t\t\t<\/div>\n\t\t\t\t\t\t\t\t\n<style>\n#image_1565136481 {\n  width: 100%;\n}\n<\/style>\n\t<\/div>\n\t\n     <\/div>\n\n     <div class=\"loading-spin dark large centered\"><\/div>\n\n     \t<\/div>\n\n\n\t<div id=\"gap-657938192\" class=\"gap-element clearfix show-for-medium\" style=\"display:block; height:auto;\">\n\t\t\n<style>\n#gap-657938192 {\n  padding-top: 15px;\n}\n@media (min-width:550px) {\n  #gap-657938192 {\n    padding-top: 30px;\n  }\n}\n<\/style>\n\t<\/div>\n\t\n\t\t<div class=\"show-for-medium\">\n\t\t\t\t\n<p><center><\/p>\n<h1 class=\"gioithieu-title\">ABOUT US<\/h1>\n<p><\/center><br \/>\n\t\t<\/div>\n\t\n\n<p>In 1996, we proudly began our journey by establishing our first company named Tan Vinh Thanh, with the mission of providing high-quality steel products for the industrial sector.<br \/>\nIn 2012, to enhance production capacity and meet market demands, we established Vinh Thanh Steel Company and relocated our factory to Duc Hoa District, Long An Province. We provide a wide range of industrial steel products, including rolled steel, cold-rolled steel, polished bar, and custom-shaped steel such as square, rectangular, and hexagonal, with sizes ranging from 1.2 millimeters to 40 millimeters.<br \/>\nVinh Thanh firmly believe that customers&#8217; trust is the best affirmation of our quality. We continuously optimize our technology and production processes to provide higher quality steel. To ensure sustainable development and long-term cooperation, we strictly implement quality management according to the ISO 14001:2015 and ISO 9001:2015 standards.<br \/>\n\n\t\t<\/div>\n\n\t\t\n<style>\n#section_1475006081 {\n  padding-top: 30px;\n  padding-bottom: 30px;\n}\n#section_1475006081 .ux-shape-divider--top svg {\n  height: 150px;\n  --divider-top-width: 100%;\n}\n#section_1475006081 .ux-shape-divider--bottom svg {\n  height: 150px;\n  --divider-width: 100%;\n}\n<\/style>\n\t<\/section>\n\t\n\t<div id=\"gap-1316021488\" class=\"gap-element clearfix\" style=\"display:block; height:auto;\">\n\t\t\n<style>\n#gap-1316021488 {\n  padding-top: 20px;\n}\n<\/style>\n\t<\/div>\n\t\n\t<div id=\"gap-1905756883\" class=\"gap-element clearfix\" style=\"display:block; height:auto;\">\n\t\t\n<style>\n#gap-1905756883 {\n  padding-top: 70px;\n}\n<\/style>\n\t<\/div>\n\t\n\t\t<div class=\"foggy-image\">\n\t\t\t\t\n<p><centeR><\/p>\n<h1 class=\"gioithieu-title\">Events<\/h1>\n<p><\/center><br \/>\n\t\t<\/div>\n\t\n\t<div id=\"text-698279993\" class=\"text event-slider\">\n\t\t\n<div id=\"metaslider-id-5380\" style=\"width: 100%; margin: 0 auto;\" class=\"ml-slider-3-92-1 metaslider metaslider-flex metaslider-5380 ml-slider ms-theme-default nav-hidden\" role=\"region\" aria-roledescription=\"Slideshow\" aria-label=\"New Slideshow\">\n    <div id=\"metaslider_container_5380\">\n        <div id=\"metaslider_5380\">\n            <ul class='slides'>\n                <li style=\"display: none; width: 100%;\" class=\"slide-5381 ms-image \" aria-roledescription=\"slide\" aria-label=\"slide-5381\"><img loading=\"lazy\" decoding=\"async\" src=\"https:\/\/thepvinhthanh.com\/wp-content\/uploads\/2024\/09\/N8A1551-scaled-250x250.jpg\" height=\"250\" width=\"250\" alt=\"\" class=\"slider-5380 slide-5381\" title=\"_N8A1551\" \/><\/li>\n                <li style=\"display: none; width: 100%;\" class=\"slide-5382 ms-image \" aria-roledescription=\"slide\" aria-label=\"slide-5382\"><img loading=\"lazy\" decoding=\"async\" src=\"https:\/\/thepvinhthanh.com\/wp-content\/uploads\/2024\/09\/N8A1774-scaled-250x250.jpg\" height=\"250\" width=\"250\" alt=\"\" class=\"slider-5380 slide-5382\" title=\"_N8A1774\" \/><\/li>\n                <li style=\"display: none; width: 100%;\" class=\"slide-5383 ms-image \" aria-roledescription=\"slide\" aria-label=\"slide-5383\"><img loading=\"lazy\" decoding=\"async\" src=\"https:\/\/thepvinhthanh.com\/wp-content\/uploads\/2024\/09\/N8A1514-scaled-250x250.jpg\" height=\"250\" width=\"250\" alt=\"\" class=\"slider-5380 slide-5383\" title=\"_N8A1514\" \/><\/li>\n                <li style=\"display: none; width: 100%;\" class=\"slide-5384 ms-image \" aria-roledescription=\"slide\" aria-label=\"slide-5384\"><img loading=\"lazy\" decoding=\"async\" src=\"https:\/\/thepvinhthanh.com\/wp-content\/uploads\/2024\/09\/N8A1633-scaled-250x250.jpg\" height=\"250\" width=\"250\" alt=\"\" class=\"slider-5380 slide-5384\" title=\"_N8A1633\" \/><\/li>\n                <li style=\"display: none; width: 100%;\" class=\"slide-5385 ms-image \" aria-roledescription=\"slide\" aria-label=\"slide-5385\"><img loading=\"lazy\" decoding=\"async\" src=\"https:\/\/thepvinhthanh.com\/wp-content\/uploads\/2024\/09\/N8A1458-scaled-250x250.jpg\" height=\"250\" width=\"250\" alt=\"\" class=\"slider-5380 slide-5385\" title=\"_N8A1458\" \/><\/li>\n                <li style=\"display: none; width: 100%;\" class=\"slide-5386 ms-image \" aria-roledescription=\"slide\" aria-label=\"slide-5386\"><img loading=\"lazy\" decoding=\"async\" src=\"https:\/\/thepvinhthanh.com\/wp-content\/uploads\/2024\/09\/N8A1397-scaled-250x250.jpg\" height=\"250\" width=\"250\" alt=\"\" class=\"slider-5380 slide-5386\" title=\"_N8A1397\" \/><\/li>\n                <li style=\"display: none; width: 100%;\" class=\"slide-5387 ms-image \" aria-roledescription=\"slide\" aria-label=\"slide-5387\"><img loading=\"lazy\" decoding=\"async\" src=\"https:\/\/thepvinhthanh.com\/wp-content\/uploads\/2024\/09\/N8A1411-scaled-250x250.jpg\" height=\"250\" width=\"250\" alt=\"\" class=\"slider-5380 slide-5387\" title=\"_N8A1411\" \/><\/li>\n                <li style=\"display: none; width: 100%;\" class=\"slide-5388 ms-image \" aria-roledescription=\"slide\" aria-label=\"slide-5388\"><img loading=\"lazy\" decoding=\"async\" src=\"https:\/\/thepvinhthanh.com\/wp-content\/uploads\/2024\/09\/N8A1451-scaled-250x250.jpg\" height=\"250\" width=\"250\" alt=\"\" class=\"slider-5380 slide-5388\" title=\"_N8A1451\" \/><\/li>\n                <li style=\"display: none; width: 100%;\" class=\"slide-5389 ms-image \" aria-roledescription=\"slide\" aria-label=\"slide-5389\"><img loading=\"lazy\" decoding=\"async\" src=\"https:\/\/thepvinhthanh.com\/wp-content\/uploads\/2024\/09\/N8A1439-scaled-250x250.jpg\" height=\"250\" width=\"250\" alt=\"\" class=\"slider-5380 slide-5389\" title=\"_N8A1439\" \/><\/li>\n            <\/ul>\n        <\/div>\n        \n    <\/div>\n<\/div>\n\t\t\t<\/div>\n\t\n\t<div id=\"gap-1004534452\" class=\"gap-element clearfix\" style=\"display:block; height:auto;\">\n\t\t\n<style>\n#gap-1004534452 {\n  padding-top: 30px;\n}\n<\/style>\n\t<\/div>\n\t\n","protected":false},"excerpt":{"rendered":"","protected":false},"author":2,"featured_media":0,"parent":0,"menu_order":0,"comment_status":"closed","ping_status":"closed","template":"page-blank.php","meta":{"inline_featured_image":false,"footnotes":""},"class_list":["post-972","page","type-page","status-publish","hentry"],"yoast_head":"<!-- This site is optimized with the Yoast SEO plugin v21.0 - https:\/\/yoast.com\/wordpress\/plugins\/seo\/ -->\n<title>About Vinh Thanh Steel - C\u00f4ng Ty TNHH Th\u00e9p V\u0129nh Th\u00e0nh<\/title>\n<meta name=\"robots\" content=\"index, follow, max-snippet:-1, max-image-preview:large, max-video-preview:-1\" \/>\n<link rel=\"canonical\" href=\"https:\/\/thepvinhthanh.com\/?page_id=972&lang=en\" \/>\n<meta property=\"og:locale\" content=\"vi_VN\" \/>\n<meta property=\"og:type\" content=\"article\" \/>\n<meta property=\"og:title\" content=\"About Vinh Thanh Steel - C\u00f4ng Ty TNHH Th\u00e9p V\u0129nh Th\u00e0nh\" \/>\n<meta property=\"og:url\" content=\"https:\/\/thepvinhthanh.com\/?page_id=972&amp;lang=en\" \/>\n<meta property=\"og:site_name\" content=\"C\u00f4ng Ty TNHH Th\u00e9p V\u0129nh Th\u00e0nh\" \/>\n<meta property=\"article:modified_time\" content=\"2025-11-13T15:21:24+00:00\" \/>\n<meta name=\"twitter:card\" content=\"summary_large_image\" \/>\n<meta name=\"twitter:label1\" content=\"\u01af\u1edbc t\u00ednh th\u1eddi gian \u0111\u1ecdc\" \/>\n\t<meta name=\"twitter:data1\" content=\"2 ph\u00fat\" \/>\n<script type=\"application\/ld+json\" class=\"yoast-schema-graph\">{\"@context\":\"https:\/\/schema.org\",\"@graph\":[{\"@type\":\"WebPage\",\"@id\":\"https:\/\/thepvinhthanh.com\/?page_id=972&lang=en\",\"url\":\"https:\/\/thepvinhthanh.com\/?page_id=972&lang=en\",\"name\":\"About Vinh Thanh Steel - C\u00f4ng Ty TNHH Th\u00e9p V\u0129nh Th\u00e0nh\",\"isPartOf\":{\"@id\":\"https:\/\/thepvinhthanh.com\/#website\"},\"datePublished\":\"2023-06-27T07:33:44+00:00\",\"dateModified\":\"2025-11-13T15:21:24+00:00\",\"breadcrumb\":{\"@id\":\"https:\/\/thepvinhthanh.com\/?page_id=972&lang=en#breadcrumb\"},\"inLanguage\":\"vi\",\"potentialAction\":[{\"@type\":\"ReadAction\",\"target\":[\"https:\/\/thepvinhthanh.com\/?page_id=972&lang=en\"]}]},{\"@type\":\"BreadcrumbList\",\"@id\":\"https:\/\/thepvinhthanh.com\/?page_id=972&lang=en#breadcrumb\",\"itemListElement\":[{\"@type\":\"ListItem\",\"position\":1,\"name\":\"Trang ch\u1ee7\",\"item\":\"https:\/\/thepvinhthanh.com\/\"},{\"@type\":\"ListItem\",\"position\":2,\"name\":\"About Vinh Thanh Steel\"}]},{\"@type\":\"WebSite\",\"@id\":\"https:\/\/thepvinhthanh.com\/#website\",\"url\":\"https:\/\/thepvinhthanh.com\/\",\"name\":\"C\u00f4ng Ty TNHH Th\u00e9p V\u0129nh Th\u00e0nh\",\"description\":\"\",\"potentialAction\":[{\"@type\":\"SearchAction\",\"target\":{\"@type\":\"EntryPoint\",\"urlTemplate\":\"https:\/\/thepvinhthanh.com\/?s={search_term_string}\"},\"query-input\":\"required name=search_term_string\"}],\"inLanguage\":\"vi\"}]}<\/script>\n<!-- \/ Yoast SEO plugin. -->","yoast_head_json":{"title":"About Vinh Thanh Steel - C\u00f4ng Ty TNHH Th\u00e9p V\u0129nh Th\u00e0nh","robots":{"index":"index","follow":"follow","max-snippet":"max-snippet:-1","max-image-preview":"max-image-preview:large","max-video-preview":"max-video-preview:-1"},"canonical":"https:\/\/thepvinhthanh.com\/?page_id=972&lang=en","og_locale":"vi_VN","og_type":"article","og_title":"About Vinh Thanh Steel - C\u00f4ng Ty TNHH Th\u00e9p V\u0129nh Th\u00e0nh","og_url":"https:\/\/thepvinhthanh.com\/?page_id=972&lang=en","og_site_name":"C\u00f4ng Ty TNHH Th\u00e9p V\u0129nh Th\u00e0nh","article_modified_time":"2025-11-13T15:21:24+00:00","twitter_card":"summary_large_image","twitter_misc":{"\u01af\u1edbc t\u00ednh th\u1eddi gian \u0111\u1ecdc":"2 ph\u00fat"},"schema":{"@context":"https:\/\/schema.org","@graph":[{"@type":"WebPage","@id":"https:\/\/thepvinhthanh.com\/?page_id=972&lang=en","url":"https:\/\/thepvinhthanh.com\/?page_id=972&lang=en","name":"About Vinh Thanh Steel - C\u00f4ng Ty TNHH Th\u00e9p V\u0129nh Th\u00e0nh","isPartOf":{"@id":"https:\/\/thepvinhthanh.com\/#website"},"datePublished":"2023-06-27T07:33:44+00:00","dateModified":"2025-11-13T15:21:24+00:00","breadcrumb":{"@id":"https:\/\/thepvinhthanh.com\/?page_id=972&lang=en#breadcrumb"},"inLanguage":"vi","potentialAction":[{"@type":"ReadAction","target":["https:\/\/thepvinhthanh.com\/?page_id=972&lang=en"]}]},{"@type":"BreadcrumbList","@id":"https:\/\/thepvinhthanh.com\/?page_id=972&lang=en#breadcrumb","itemListElement":[{"@type":"ListItem","position":1,"name":"Trang ch\u1ee7","item":"https:\/\/thepvinhthanh.com\/"},{"@type":"ListItem","position":2,"name":"About Vinh Thanh Steel"}]},{"@type":"WebSite","@id":"https:\/\/thepvinhthanh.com\/#website","url":"https:\/\/thepvinhthanh.com\/","name":"C\u00f4ng Ty TNHH Th\u00e9p V\u0129nh Th\u00e0nh","description":"","potentialAction":[{"@type":"SearchAction","target":{"@type":"EntryPoint","urlTemplate":"https:\/\/thepvinhthanh.com\/?s={search_term_string}"},"query-input":"required name=search_term_string"}],"inLanguage":"vi"}]}},"lang":"en","translations":{"en":972,"vi":333,"zh":975},"pll_sync_post":[],"_links":{"self":[{"href":"https:\/\/thepvinhthanh.com\/index.php?rest_route=\/wp\/v2\/pages\/972","targetHints":{"allow":["GET"]}}],"collection":[{"href":"https:\/\/thepvinhthanh.com\/index.php?rest_route=\/wp\/v2\/pages"}],"about":[{"href":"https:\/\/thepvinhthanh.com\/index.php?rest_route=\/wp\/v2\/types\/page"}],"author":[{"embeddable":true,"href":"https:\/\/thepvinhthanh.com\/index.php?rest_route=\/wp\/v2\/users\/2"}],"replies":[{"embeddable":true,"href":"https:\/\/thepvinhthanh.com\/index.php?rest_route=%2Fwp%2Fv2%2Fcomments&post=972"}],"version-history":[{"count":107,"href":"https:\/\/thepvinhthanh.com\/index.php?rest_route=\/wp\/v2\/pages\/972\/revisions"}],"predecessor-version":[{"id":9120,"href":"https:\/\/thepvinhthanh.com\/index.php?rest_route=\/wp\/v2\/pages\/972\/revisions\/9120"}],"wp:attachment":[{"href":"https:\/\/thepvinhthanh.com\/index.php?rest_route=%2Fwp%2Fv2%2Fmedia&parent=972"}],"curies":[{"name":"wp","href":"https:\/\/api.w.org\/{rel}","templated":true}]}}