{"id":975,"date":"2023-06-27T07:35:24","date_gmt":"2023-06-27T07:35:24","guid":{"rendered":"https:\/\/demo.thepvinhthanh.com\/?page_id=975"},"modified":"2025-11-13T15:29:26","modified_gmt":"2025-11-13T15:29:26","slug":"%e5%85%b3%e4%ba%8e%e6%b0%b8%e6%b8%85%e9%92%a2%e9%93%81%e5%85%ac%e5%8f%b8","status":"publish","type":"page","link":"https:\/\/thepvinhthanh.com\/?page_id=975&lang=zh","title":{"rendered":"\u516c\u53f8\u7c21\u4ecb"},"content":{"rendered":"\n  <div class=\"banner has-hover hide-for-small\" id=\"banner-832464290\">\n          <div class=\"banner-inner fill\">\n        <div class=\"banner-bg fill\" >\n            <div class=\"bg fill bg-fill \"><\/div>\n                                    \n                    <\/div>\n\t\t\n        <div class=\"banner-layers container\">\n            <div class=\"fill banner-link\"><\/div>            \n   <div id=\"text-box-944945334\" class=\"text-box banner-layer x50 md-x50 lg-x50 y50 md-y50 lg-y50 res-text\">\n                                <div class=\"text-box-content text dark\">\n              \n              <div class=\"text-inner text-center\">\n                  \n              <\/div>\n           <\/div>\n                            \n<style>\n#text-box-944945334 {\n  width: 60%;\n}\n#text-box-944945334 .text-box-content {\n  font-size: 100%;\n}\n<\/style>\n    <\/div>\n \n        <\/div>\n      <\/div>\n\n            \n<style>\n#banner-832464290 {\n  padding-top: 500px;\n}\n#banner-832464290 .bg.bg-loaded {\n  background-image: url(https:\/\/thepvinhthanh.com\/wp-content\/uploads\/2025\/03\/4-1.jpg);\n}\n#banner-832464290 .ux-shape-divider--top svg {\n  height: 150px;\n  --divider-top-width: 100%;\n}\n#banner-832464290 .ux-shape-divider--bottom svg {\n  height: 150px;\n  --divider-width: 100%;\n}\n<\/style>\n  <\/div>\n\n\n\t<div id=\"gap-107875542\" class=\"gap-element clearfix hide-for-small\" style=\"display:block; height:auto;\">\n\t\t\n<style>\n#gap-107875542 {\n  padding-top: 30px;\n}\n<\/style>\n\t<\/div>\n\t\n\t<section class=\"section hide-for-small\" id=\"section_2128555279\">\n\t\t<div class=\"bg section-bg fill bg-fill  bg-loaded\" >\n\n\t\t\t\n\t\t\t\n\t\t\t\n\n\t\t<\/div>\n\n\t\t\n\n\t\t<div class=\"section-content relative\">\n\t\t\t\n\t<div id=\"gap-920228032\" class=\"gap-element clearfix\" style=\"display:block; height:auto;\">\n\t\t\n<style>\n#gap-920228032 {\n  padding-top: 5px;\n}\n<\/style>\n\t<\/div>\n\t\n<div class=\"row row-small custom-border-radius\" style=\"max-width:1600px\" id=\"row-1835236233\">\n\n\t<div id=\"col-1567287885\" class=\"col medium-6 small-12 large-3\"  >\n\t\t\t\t<div class=\"col-inner\"  >\n\t\t\t\n\t\t\t\n<div class=\"slider-wrapper relative custom-border-radius\" id=\"slider-1331740232\" >\n    <div class=\"slider slider-nav-circle slider-nav-large slider-nav-light slider-style-normal\"\n        data-flickity-options='{\n            \"cellAlign\": \"center\",\n            \"imagesLoaded\": true,\n            \"lazyLoad\": 1,\n            \"freeScroll\": false,\n            \"wrapAround\": true,\n            \"autoPlay\": 6000,\n            \"pauseAutoPlayOnHover\" : true,\n            \"prevNextButtons\": true,\n            \"contain\" : true,\n            \"adaptiveHeight\" : true,\n            \"dragThreshold\" : 10,\n            \"percentPosition\": true,\n            \"pageDots\": true,\n            \"rightToLeft\": false,\n            \"draggable\": true,\n            \"selectedAttraction\": 0.1,\n            \"parallax\" : 0,\n            \"friction\": 0.6        }'\n        >\n        \n\n  <div class=\"banner has-hover event-slider foggy-image bg-zoom\" id=\"banner-718065047\">\n          <div class=\"banner-inner fill\">\n        <div class=\"banner-bg fill\" >\n            <div class=\"bg fill bg-fill \"><\/div>\n                                    \n                    <\/div>\n\t\t\n        <div class=\"banner-layers container\">\n            <div class=\"fill banner-link\"><\/div>            \n   <div id=\"text-box-807107026\" class=\"text-box banner-layer x50 md-x50 lg-x50 y50 md-y50 lg-y50 res-text\">\n                                <div class=\"text-box-content text dark\">\n              \n              <div class=\"text-inner text-center\">\n                  \n              <\/div>\n           <\/div>\n                            \n<style>\n#text-box-807107026 {\n  width: 60%;\n}\n#text-box-807107026 .text-box-content {\n  font-size: 100%;\n}\n<\/style>\n    <\/div>\n \n        <\/div>\n      <\/div>\n\n            \n<style>\n#banner-718065047 {\n  padding-top: 267px;\n}\n#banner-718065047 .bg.bg-loaded {\n  background-image: url(https:\/\/thepvinhthanh.com\/wp-content\/uploads\/2024\/12\/72-scaled.jpg);\n}\n#banner-718065047 .ux-shape-divider--top svg {\n  height: 150px;\n  --divider-top-width: 100%;\n}\n#banner-718065047 .ux-shape-divider--bottom svg {\n  height: 150px;\n  --divider-width: 100%;\n}\n<\/style>\n  <\/div>\n\n\n     <\/div>\n\n     <div class=\"loading-spin dark large centered\"><\/div>\n\n          <style>\n            #slider-1331740232 .flickity-slider > * { max-width: 350px !important; }\n     <\/style>\n     \t<\/div>\n\n\n\t<div id=\"gap-785706616\" class=\"gap-element clearfix\" style=\"display:block; height:auto;\">\n\t\t\n<style>\n#gap-785706616 {\n  padding-top: 15px;\n}\n<\/style>\n\t<\/div>\n\t\n<div class=\"slider-wrapper relative\" id=\"slider-1414568554\" >\n    <div class=\"slider slider-nav-circle slider-nav-large slider-nav-light slider-style-normal\"\n        data-flickity-options='{\n            \"cellAlign\": \"center\",\n            \"imagesLoaded\": true,\n            \"lazyLoad\": 1,\n            \"freeScroll\": false,\n            \"wrapAround\": true,\n            \"autoPlay\": 6000,\n            \"pauseAutoPlayOnHover\" : true,\n            \"prevNextButtons\": true,\n            \"contain\" : true,\n            \"adaptiveHeight\" : true,\n            \"dragThreshold\" : 10,\n            \"percentPosition\": true,\n            \"pageDots\": true,\n            \"rightToLeft\": false,\n            \"draggable\": true,\n            \"selectedAttraction\": 0.1,\n            \"parallax\" : 0,\n            \"friction\": 0.6        }'\n        >\n        \n\n  <div class=\"banner has-hover foggy-image bg-zoom\" id=\"banner-1695000361\">\n          <div class=\"banner-inner fill\">\n        <div class=\"banner-bg fill\" >\n            <div class=\"bg fill bg-fill \"><\/div>\n                                    \n                    <\/div>\n\t\t\n        <div class=\"banner-layers container\">\n            <div class=\"fill banner-link\"><\/div>            \n   <div id=\"text-box-216544342\" class=\"text-box banner-layer x50 md-x50 lg-x50 y50 md-y50 lg-y50 res-text\">\n                                <div class=\"text-box-content text dark\">\n              \n              <div class=\"text-inner text-center\">\n                  \n              <\/div>\n           <\/div>\n                            \n<style>\n#text-box-216544342 {\n  width: 60%;\n}\n#text-box-216544342 .text-box-content {\n  font-size: 100%;\n}\n<\/style>\n    <\/div>\n \n        <\/div>\n      <\/div>\n\n            \n<style>\n#banner-1695000361 {\n  padding-top: 267px;\n}\n#banner-1695000361 .bg.bg-loaded {\n  background-image: url(https:\/\/thepvinhthanh.com\/wp-content\/uploads\/2023\/11\/Wire-Storage-9-scaled.jpg);\n}\n#banner-1695000361 .ux-shape-divider--top svg {\n  height: 150px;\n  --divider-top-width: 100%;\n}\n#banner-1695000361 .ux-shape-divider--bottom svg {\n  height: 150px;\n  --divider-width: 100%;\n}\n<\/style>\n  <\/div>\n\n\n     <\/div>\n\n     <div class=\"loading-spin dark large centered\"><\/div>\n\n          <style>\n            #slider-1414568554 .flickity-slider > * { max-width: 350px !important; }\n     <\/style>\n     \t<\/div>\n\n\n\t\t<\/div>\n\t\t\t\t\n<style>\n#col-1567287885 > .col-inner {\n  border-radius: 5px;\n}\n<\/style>\n\t<\/div>\n\n\t\n\n\t<div id=\"col-1693601525\" class=\"col medium-6 small-12 large-3\"  >\n\t\t\t\t<div class=\"col-inner\"  >\n\t\t\t\n\t\t\t\n<div class=\"slider-wrapper relative\" id=\"slider-1131817544\" >\n    <div class=\"slider slider-nav-circle slider-nav-large slider-nav-light slider-style-normal\"\n        data-flickity-options='{\n            \"cellAlign\": \"center\",\n            \"imagesLoaded\": true,\n            \"lazyLoad\": 1,\n            \"freeScroll\": false,\n            \"wrapAround\": true,\n            \"autoPlay\": 6000,\n            \"pauseAutoPlayOnHover\" : true,\n            \"prevNextButtons\": true,\n            \"contain\" : true,\n            \"adaptiveHeight\" : true,\n            \"dragThreshold\" : 10,\n            \"percentPosition\": true,\n            \"pageDots\": true,\n            \"rightToLeft\": false,\n            \"draggable\": true,\n            \"selectedAttraction\": 0.1,\n            \"parallax\" : 0,\n            \"friction\": 0.6        }'\n        >\n        \n\n  <div class=\"banner has-hover foggy-image bg-zoom\" id=\"banner-763139866\">\n          <div class=\"banner-inner fill\">\n        <div class=\"banner-bg fill\" >\n            <div class=\"bg fill bg-fill \"><\/div>\n                                    \n                    <\/div>\n\t\t\n        <div class=\"banner-layers container\">\n            <div class=\"fill banner-link\"><\/div>            \n   <div id=\"text-box-1524952992\" class=\"text-box banner-layer x50 md-x50 lg-x50 y50 md-y50 lg-y50 res-text\">\n                                <div class=\"text-box-content text dark\">\n              \n              <div class=\"text-inner text-center\">\n                  \n              <\/div>\n           <\/div>\n                            \n<style>\n#text-box-1524952992 {\n  width: 60%;\n}\n#text-box-1524952992 .text-box-content {\n  font-size: 100%;\n}\n<\/style>\n    <\/div>\n \n        <\/div>\n      <\/div>\n\n            \n<style>\n#banner-763139866 {\n  padding-top: 550px;\n}\n#banner-763139866 .bg.bg-loaded {\n  background-image: url(https:\/\/thepvinhthanh.com\/wp-content\/uploads\/2024\/09\/IMG_1043.jpg);\n}\n#banner-763139866 .ux-shape-divider--top svg {\n  height: 150px;\n  --divider-top-width: 100%;\n}\n#banner-763139866 .ux-shape-divider--bottom svg {\n  height: 150px;\n  --divider-width: 100%;\n}\n<\/style>\n  <\/div>\n\n\n     <\/div>\n\n     <div class=\"loading-spin dark large centered\"><\/div>\n\n          <style>\n            #slider-1131817544 .flickity-slider > * { max-width: 350px !important; }\n     <\/style>\n     \t<\/div>\n\n\n\t\t<\/div>\n\t\t\t\t\t<\/div>\n\n\t\n\n\t<div id=\"col-140126792\" class=\"col medium-12 small-12 large-6\"  >\n\t\t\t\t<div class=\"col-inner text-left\"  >\n\t\t\t\n\t\t\t\n\t<div id=\"gap-586891358\" class=\"gap-element clearfix\" style=\"display:block; height:auto;\">\n\t\t\n<style>\n#gap-586891358 {\n  padding-top: 15px;\n}\n@media (min-width:850px) {\n  #gap-586891358 {\n    padding-top: 15px;\n  }\n}\n<\/style>\n\t<\/div>\n\t\n\t<div id=\"gap-1226141772\" class=\"gap-element clearfix\" style=\"display:block; height:auto;\">\n\t\t\n<style>\n#gap-1226141772 {\n  padding-top: 10px;\n}\n<\/style>\n\t<\/div>\n\t\n\t\t<div class=\"foggy-image\">\n\t\t\t\t\n<h1 class=\"about-zh\" style=\"--title-size:23px; --title-color:rgb(26, 93, 184)\">\n  \u95dc\u65bc\u6211\u5011<br \/>\n<\/h1>\n\t\t<\/div>\n\t\n<div class=\"is-divider divider clearfix\" ><\/div>\n\t\t<div class=\"hidden\">\n\t\t\t\t\n<p><!DOCTYPE html><html lang=\"zh\"><head><meta charset=\"UTF-8\"><meta name=\"viewport\" content=\"width=device-width,initial-scale=1\"><\/p>\n<style>body{font-family:KaiTi,STKaiti,BiauKai,sans-serif}.text-container{display:inline-block;max-width:800px;line-height:1.6}.text-line{opacity:0;transform:translateY(20px);animation:fadeInUp .5s ease-in-out forwards}@keyframes fadeInUp{0%{opacity:0;transform:translateY(20px)}100%{opacity:1;transform:translateY(0)}}.text-line:nth-child(1){animation-delay:0s}.text-line:nth-child(2){animation-delay:.5s}.text-line:nth-child(3){animation-delay:1s}.text-line:nth-child(4){animation-delay:1.5s}.text-line:nth-child(5){animation-delay:2s}.text-line:nth-child(6){animation-delay:2.5s}.text-line:nth-child(7){animation-delay:3s}.text-line:nth-child(8){animation-delay:3.5s}.text-line:nth-child(9){animation-delay:4s}<\/style>\n<p><\/head><body><\/p>\n<div class=\"text-container\">\n<div class=\"text-line\">\u6211\u5011\u7684\u65c5\u7a0b\u59cb\u65bc 1996 \u5e74\uff0c\u7576\u5e74\u5275\u7acb \u65b0\u6c38\u6210\u79c1\u71df\u4f01\u696d\uff0c\u5c08\u6ce8\u65bc\u63d0\u4f9b\u9ad8\u54c1\u8cea\u7684 \u5de5\u696d\u7528\u92fc\u7d72\u8207\u92fc\u7b4b\u3002<\/div>\n<div class=\"text-line\">2012 \u5e74\uff0c\u6211\u5011\u9081\u51fa\u95dc\u9375\u4e00\u6b65\uff0c\u6b63\u5f0f\u6210\u7acb \u6c38\u6210\u92fc\u9435\u8cac\u4efb\u6709\u9650\u516c\u53f8\uff0c\u4e26\u5c07\u751f\u7522\u57fa\u5730\u9077\u81f3 \u9686\u5b89\u7701\u5fb7\u548c\u7e23\uff0c\u5927<\/div>\n<div class=\"text-line\">\u5e45\u64f4\u5145\u7522\u80fd\u8207\u7522\u54c1\u7a2e\u985e\u3002\u6211\u5011\u7684\u7522\u54c1\u6db5\u84cb\u76f4\u5f91 1.2 \u6beb\u7c73\u81f3 40 \u6beb\u7c73\u7684\u92fc\u7d72\uff0c\u5305\u542b \u51b7\u935b\u7d72\u3001\u5408\u91d1\u92fc\u3001\u6613<\/div>\n<div class=\"text-line\">\u524a\u92fc\u7b49\uff0c\u7686\u7b26\u5408\u6700\u9ad8\u7522\u696d\u6a19\u6e96\uff0c\u70ba\u5ba2\u6236\u63d0\u4f9b\u5353\u8d8a\u7684\u61c9\u7528\u6027\u80fd\u8207\u54c1\u8cea\u4fdd\u969c\u3002<\/div>\n<div class=\"text-line\">\u6c38\u6210\u79c9\u6301\u300c\u54e1\u5de5\u9ad8\u5ea6\u53c3\u8207\u3001\u54c1\u8cea\u70ba\u5c0e\u5411\u3001\u6eff\u8db3\u5ba2\u6236\u9700\u6c42\u300d\u7684\u6838\u5fc3\u7406\u5ff5\uff0c\u81f4\u529b\u65bc\u6253\u9020\u5b89\u5168\u3001\u5065\u5eb7\u7684\u5de5\u4f5c\u74b0<\/div>\n<div class=\"text-line\">\u5883\uff0c\u78ba\u4fdd\u54e1\u5de5\u7684\u798f\u7949\u3002\u6211\u5011\u6df1\u4fe1\uff0c\u5ba2\u6236\u7684\u4fe1\u4efb\u662f\u5c0d\u6211\u5011\u54c1\u8cea\u7684\u6700\u4f73\u80af\u5b9a\u3002\u6211\u5011\u4e0d\u65b7\u512a\u5316\u88fd\u7a0b\uff0c\u81f4\u529b\u65bc\u63d0<\/div>\n<div class=\"text-line\">\u4f9b\u66f4\u9ad8\u54c1\u8cea\u7684\u92fc\u6750\uff0c\u56b4\u683c\u4f9d\u7167 ISO 14001:2015 \u53ca ISO 9001 \u570b\u969b\u6a19\u6e96\u9032\u884c\u751f\u7522\u7ba1\u7406\u3002<\/div>\n<div class=\"text-line\"><\/div>\n<\/div>\n<p><\/body><\/html><br \/>\n\t\t<\/div>\n\t\n\n\n\n[vt_text_flow_cn]\n\n\t\t<\/div>\n\t\t\t\t\n<style>\n#col-140126792 > .col-inner {\n  padding: 0px 0px 0px 0;\n}\n@media (min-width:850px) {\n  #col-140126792 > .col-inner {\n    padding: 0px 0px 0px -10px;\n  }\n}\n<\/style>\n\t<\/div>\n\n\t\n<\/div>\n\t\t<\/div>\n\n\t\t\n<style>\n#section_2128555279 {\n  padding-top: 30px;\n  padding-bottom: 30px;\n}\n#section_2128555279 .ux-shape-divider--top svg {\n  height: 150px;\n  --divider-top-width: 100%;\n}\n#section_2128555279 .ux-shape-divider--bottom svg {\n  height: 150px;\n  --divider-width: 100%;\n}\n<\/style>\n\t<\/section>\n\t\n\t<div id=\"gap-116555232\" class=\"gap-element clearfix\" style=\"display:block; height:auto;\">\n\t\t\n<style>\n#gap-116555232 {\n  padding-top: 70px;\n}\n<\/style>\n\t<\/div>\n\t\n\n<h1 class=\"about-zh\" style=\"--title-size:23px; --title-color:rgb(26, 93, 184)\">\n  <center>\u516c\u53f8\u6d3b\u52d5<\/center><br \/>\n<\/h1>\n\n\t<div id=\"gap-820933263\" class=\"gap-element clearfix\" style=\"display:block; height:auto;\">\n\t\t\n<style>\n#gap-820933263 {\n  padding-top: 15px;\n}\n<\/style>\n\t<\/div>\n\t\n<div id=\"metaslider-id-5380\" style=\"width: 100%; margin: 0 auto;\" class=\"ml-slider-3-92-1 metaslider metaslider-flex metaslider-5380 ml-slider ms-theme-default nav-hidden\" role=\"region\" aria-roledescription=\"Slideshow\" aria-label=\"New Slideshow\">\n    <div id=\"metaslider_container_5380\">\n        <div id=\"metaslider_5380\">\n            <ul class='slides'>\n                <li style=\"display: none; width: 100%;\" class=\"slide-5381 ms-image \" aria-roledescription=\"slide\" aria-label=\"slide-5381\"><img loading=\"lazy\" decoding=\"async\" src=\"https:\/\/thepvinhthanh.com\/wp-content\/uploads\/2024\/09\/N8A1551-scaled-250x250.jpg\" height=\"250\" width=\"250\" alt=\"\" class=\"slider-5380 slide-5381\" title=\"_N8A1551\" \/><\/li>\n                <li style=\"display: none; width: 100%;\" class=\"slide-5382 ms-image \" aria-roledescription=\"slide\" aria-label=\"slide-5382\"><img loading=\"lazy\" decoding=\"async\" src=\"https:\/\/thepvinhthanh.com\/wp-content\/uploads\/2024\/09\/N8A1774-scaled-250x250.jpg\" height=\"250\" width=\"250\" alt=\"\" class=\"slider-5380 slide-5382\" title=\"_N8A1774\" \/><\/li>\n                <li style=\"display: none; width: 100%;\" class=\"slide-5383 ms-image \" aria-roledescription=\"slide\" aria-label=\"slide-5383\"><img loading=\"lazy\" decoding=\"async\" src=\"https:\/\/thepvinhthanh.com\/wp-content\/uploads\/2024\/09\/N8A1514-scaled-250x250.jpg\" height=\"250\" width=\"250\" alt=\"\" class=\"slider-5380 slide-5383\" title=\"_N8A1514\" \/><\/li>\n                <li style=\"display: none; width: 100%;\" class=\"slide-5384 ms-image \" aria-roledescription=\"slide\" aria-label=\"slide-5384\"><img loading=\"lazy\" decoding=\"async\" src=\"https:\/\/thepvinhthanh.com\/wp-content\/uploads\/2024\/09\/N8A1633-scaled-250x250.jpg\" height=\"250\" width=\"250\" alt=\"\" class=\"slider-5380 slide-5384\" title=\"_N8A1633\" \/><\/li>\n                <li style=\"display: none; width: 100%;\" class=\"slide-5385 ms-image \" aria-roledescription=\"slide\" aria-label=\"slide-5385\"><img loading=\"lazy\" decoding=\"async\" src=\"https:\/\/thepvinhthanh.com\/wp-content\/uploads\/2024\/09\/N8A1458-scaled-250x250.jpg\" height=\"250\" width=\"250\" alt=\"\" class=\"slider-5380 slide-5385\" title=\"_N8A1458\" \/><\/li>\n                <li style=\"display: none; width: 100%;\" class=\"slide-5386 ms-image \" aria-roledescription=\"slide\" aria-label=\"slide-5386\"><img loading=\"lazy\" decoding=\"async\" src=\"https:\/\/thepvinhthanh.com\/wp-content\/uploads\/2024\/09\/N8A1397-scaled-250x250.jpg\" height=\"250\" width=\"250\" alt=\"\" class=\"slider-5380 slide-5386\" title=\"_N8A1397\" \/><\/li>\n                <li style=\"display: none; width: 100%;\" class=\"slide-5387 ms-image \" aria-roledescription=\"slide\" aria-label=\"slide-5387\"><img loading=\"lazy\" decoding=\"async\" src=\"https:\/\/thepvinhthanh.com\/wp-content\/uploads\/2024\/09\/N8A1411-scaled-250x250.jpg\" height=\"250\" width=\"250\" alt=\"\" class=\"slider-5380 slide-5387\" title=\"_N8A1411\" \/><\/li>\n                <li style=\"display: none; width: 100%;\" class=\"slide-5388 ms-image \" aria-roledescription=\"slide\" aria-label=\"slide-5388\"><img loading=\"lazy\" decoding=\"async\" src=\"https:\/\/thepvinhthanh.com\/wp-content\/uploads\/2024\/09\/N8A1451-scaled-250x250.jpg\" height=\"250\" width=\"250\" alt=\"\" class=\"slider-5380 slide-5388\" title=\"_N8A1451\" \/><\/li>\n                <li style=\"display: none; width: 100%;\" class=\"slide-5389 ms-image \" aria-roledescription=\"slide\" aria-label=\"slide-5389\"><img loading=\"lazy\" decoding=\"async\" src=\"https:\/\/thepvinhthanh.com\/wp-content\/uploads\/2024\/09\/N8A1439-scaled-250x250.jpg\" height=\"250\" width=\"250\" alt=\"\" class=\"slider-5380 slide-5389\" title=\"_N8A1439\" \/><\/li>\n            <\/ul>\n        <\/div>\n        \n    <\/div>\n<\/div>\n\t<div id=\"gap-1836100219\" class=\"gap-element clearfix\" style=\"display:block; height:auto;\">\n\t\t\n<style>\n#gap-1836100219 {\n  padding-top: 30px;\n}\n<\/style>\n\t<\/div>\n\t\n","protected":false},"excerpt":{"rendered":"","protected":false},"author":2,"featured_media":0,"parent":0,"menu_order":0,"comment_status":"closed","ping_status":"closed","template":"page-blank.php","meta":{"inline_featured_image":false,"footnotes":""},"class_list":["post-975","page","type-page","status-publish","hentry"],"yoast_head":"<!-- This site is optimized with the Yoast SEO plugin v21.0 - https:\/\/yoast.com\/wordpress\/plugins\/seo\/ -->\n<title>\u516c\u53f8\u7c21\u4ecb - C\u00f4ng Ty TNHH Th\u00e9p V\u0129nh Th\u00e0nh<\/title>\n<meta name=\"robots\" content=\"index, follow, max-snippet:-1, max-image-preview:large, max-video-preview:-1\" \/>\n<link rel=\"canonical\" href=\"https:\/\/thepvinhthanh.com\/?page_id=975&lang=zh\" \/>\n<meta property=\"og:locale\" content=\"vi_VN\" \/>\n<meta property=\"og:type\" content=\"article\" \/>\n<meta property=\"og:title\" content=\"\u516c\u53f8\u7c21\u4ecb - C\u00f4ng Ty TNHH Th\u00e9p V\u0129nh Th\u00e0nh\" \/>\n<meta property=\"og:url\" content=\"https:\/\/thepvinhthanh.com\/?page_id=975&amp;lang=zh\" \/>\n<meta property=\"og:site_name\" content=\"C\u00f4ng Ty TNHH Th\u00e9p V\u0129nh Th\u00e0nh\" \/>\n<meta property=\"article:modified_time\" content=\"2025-11-13T15:29:26+00:00\" \/>\n<meta name=\"twitter:card\" content=\"summary_large_image\" \/>\n<meta name=\"twitter:label1\" content=\"\u01af\u1edbc t\u00ednh th\u1eddi gian \u0111\u1ecdc\" \/>\n\t<meta name=\"twitter:data1\" content=\"1 ph\u00fat\" \/>\n<script type=\"application\/ld+json\" class=\"yoast-schema-graph\">{\"@context\":\"https:\/\/schema.org\",\"@graph\":[{\"@type\":\"WebPage\",\"@id\":\"https:\/\/thepvinhthanh.com\/?page_id=975&lang=zh\",\"url\":\"https:\/\/thepvinhthanh.com\/?page_id=975&lang=zh\",\"name\":\"\u516c\u53f8\u7c21\u4ecb - C\u00f4ng Ty TNHH Th\u00e9p V\u0129nh Th\u00e0nh\",\"isPartOf\":{\"@id\":\"https:\/\/thepvinhthanh.com\/#website\"},\"datePublished\":\"2023-06-27T07:35:24+00:00\",\"dateModified\":\"2025-11-13T15:29:26+00:00\",\"breadcrumb\":{\"@id\":\"https:\/\/thepvinhthanh.com\/?page_id=975&lang=zh#breadcrumb\"},\"inLanguage\":\"vi\",\"potentialAction\":[{\"@type\":\"ReadAction\",\"target\":[\"https:\/\/thepvinhthanh.com\/?page_id=975&lang=zh\"]}]},{\"@type\":\"BreadcrumbList\",\"@id\":\"https:\/\/thepvinhthanh.com\/?page_id=975&lang=zh#breadcrumb\",\"itemListElement\":[{\"@type\":\"ListItem\",\"position\":1,\"name\":\"Trang ch\u1ee7\",\"item\":\"https:\/\/thepvinhthanh.com\/\"},{\"@type\":\"ListItem\",\"position\":2,\"name\":\"\u516c\u53f8\u7c21\u4ecb\"}]},{\"@type\":\"WebSite\",\"@id\":\"https:\/\/thepvinhthanh.com\/#website\",\"url\":\"https:\/\/thepvinhthanh.com\/\",\"name\":\"C\u00f4ng Ty TNHH Th\u00e9p V\u0129nh Th\u00e0nh\",\"description\":\"\",\"potentialAction\":[{\"@type\":\"SearchAction\",\"target\":{\"@type\":\"EntryPoint\",\"urlTemplate\":\"https:\/\/thepvinhthanh.com\/?s={search_term_string}\"},\"query-input\":\"required name=search_term_string\"}],\"inLanguage\":\"vi\"}]}<\/script>\n<!-- \/ Yoast SEO plugin. -->","yoast_head_json":{"title":"\u516c\u53f8\u7c21\u4ecb - C\u00f4ng Ty TNHH Th\u00e9p V\u0129nh Th\u00e0nh","robots":{"index":"index","follow":"follow","max-snippet":"max-snippet:-1","max-image-preview":"max-image-preview:large","max-video-preview":"max-video-preview:-1"},"canonical":"https:\/\/thepvinhthanh.com\/?page_id=975&lang=zh","og_locale":"vi_VN","og_type":"article","og_title":"\u516c\u53f8\u7c21\u4ecb - C\u00f4ng Ty TNHH Th\u00e9p V\u0129nh Th\u00e0nh","og_url":"https:\/\/thepvinhthanh.com\/?page_id=975&lang=zh","og_site_name":"C\u00f4ng Ty TNHH Th\u00e9p V\u0129nh Th\u00e0nh","article_modified_time":"2025-11-13T15:29:26+00:00","twitter_card":"summary_large_image","twitter_misc":{"\u01af\u1edbc t\u00ednh th\u1eddi gian \u0111\u1ecdc":"1 ph\u00fat"},"schema":{"@context":"https:\/\/schema.org","@graph":[{"@type":"WebPage","@id":"https:\/\/thepvinhthanh.com\/?page_id=975&lang=zh","url":"https:\/\/thepvinhthanh.com\/?page_id=975&lang=zh","name":"\u516c\u53f8\u7c21\u4ecb - C\u00f4ng Ty TNHH Th\u00e9p V\u0129nh Th\u00e0nh","isPartOf":{"@id":"https:\/\/thepvinhthanh.com\/#website"},"datePublished":"2023-06-27T07:35:24+00:00","dateModified":"2025-11-13T15:29:26+00:00","breadcrumb":{"@id":"https:\/\/thepvinhthanh.com\/?page_id=975&lang=zh#breadcrumb"},"inLanguage":"vi","potentialAction":[{"@type":"ReadAction","target":["https:\/\/thepvinhthanh.com\/?page_id=975&lang=zh"]}]},{"@type":"BreadcrumbList","@id":"https:\/\/thepvinhthanh.com\/?page_id=975&lang=zh#breadcrumb","itemListElement":[{"@type":"ListItem","position":1,"name":"Trang ch\u1ee7","item":"https:\/\/thepvinhthanh.com\/"},{"@type":"ListItem","position":2,"name":"\u516c\u53f8\u7c21\u4ecb"}]},{"@type":"WebSite","@id":"https:\/\/thepvinhthanh.com\/#website","url":"https:\/\/thepvinhthanh.com\/","name":"C\u00f4ng Ty TNHH Th\u00e9p V\u0129nh Th\u00e0nh","description":"","potentialAction":[{"@type":"SearchAction","target":{"@type":"EntryPoint","urlTemplate":"https:\/\/thepvinhthanh.com\/?s={search_term_string}"},"query-input":"required name=search_term_string"}],"inLanguage":"vi"}]}},"lang":"zh","translations":{"zh":975,"en":972,"vi":333},"pll_sync_post":[],"_links":{"self":[{"href":"https:\/\/thepvinhthanh.com\/index.php?rest_route=\/wp\/v2\/pages\/975","targetHints":{"allow":["GET"]}}],"collection":[{"href":"https:\/\/thepvinhthanh.com\/index.php?rest_route=\/wp\/v2\/pages"}],"about":[{"href":"https:\/\/thepvinhthanh.com\/index.php?rest_route=\/wp\/v2\/types\/page"}],"author":[{"embeddable":true,"href":"https:\/\/thepvinhthanh.com\/index.php?rest_route=\/wp\/v2\/users\/2"}],"replies":[{"embeddable":true,"href":"https:\/\/thepvinhthanh.com\/index.php?rest_route=%2Fwp%2Fv2%2Fcomments&post=975"}],"version-history":[{"count":109,"href":"https:\/\/thepvinhthanh.com\/index.php?rest_route=\/wp\/v2\/pages\/975\/revisions"}],"predecessor-version":[{"id":9123,"href":"https:\/\/thepvinhthanh.com\/index.php?rest_route=\/wp\/v2\/pages\/975\/revisions\/9123"}],"wp:attachment":[{"href":"https:\/\/thepvinhthanh.com\/index.php?rest_route=%2Fwp%2Fv2%2Fmedia&parent=975"}],"curies":[{"name":"wp","href":"https:\/\/api.w.org\/{rel}","templated":true}]}}