{"id":1657,"date":"2023-09-11T07:07:44","date_gmt":"2023-09-11T07:07:44","guid":{"rendered":"https:\/\/demo.thepvinhthanh.com\/?post_type=product&#038;p=1657"},"modified":"2025-03-04T01:30:18","modified_gmt":"2025-03-04T01:30:18","slug":"other-shapes-of-steel-bar","status":"publish","type":"product","link":"https:\/\/thepvinhthanh.com\/?product=other-shapes-of-steel-bar&lang=en","title":{"rendered":"Shapes Steel"},"content":{"rendered":"","protected":false},"excerpt":{"rendered":"<p>Please contact with us for more information about steel grade and specification. Thank you.<\/p>\n","protected":false},"featured_media":1658,"template":"","meta":{"inline_featured_image":false},"product_cat":[237],"product_tag":[],"class_list":{"0":"post-1657","1":"product","2":"type-product","3":"status-publish","4":"has-post-thumbnail","6":"product_cat-shapes-steel","8":"first","9":"instock","10":"shipping-taxable","11":"product-type-simple"},"yoast_head":"<!-- This site is optimized with the Yoast SEO plugin v21.0 - https:\/\/yoast.com\/wordpress\/plugins\/seo\/ -->\n<title>Shapes Steel - C\u00f4ng Ty TNHH Th\u00e9p V\u0129nh Th\u00e0nh<\/title>\n<meta name=\"robots\" content=\"index, follow, max-snippet:-1, max-image-preview:large, max-video-preview:-1\" \/>\n<link rel=\"canonical\" href=\"https:\/\/thepvinhthanh.com\/?product=other-shapes-of-steel-bar&lang=en\" \/>\n<meta property=\"og:locale\" content=\"vi_VN\" \/>\n<meta property=\"og:type\" content=\"article\" \/>\n<meta property=\"og:title\" content=\"Shapes Steel - C\u00f4ng Ty TNHH Th\u00e9p V\u0129nh Th\u00e0nh\" \/>\n<meta property=\"og:description\" content=\"Please contact with us for more information about steel grade and specification. Thank you.\" \/>\n<meta property=\"og:url\" content=\"https:\/\/thepvinhthanh.com\/?product=other-shapes-of-steel-bar&amp;lang=en\" \/>\n<meta property=\"og:site_name\" content=\"C\u00f4ng Ty TNHH Th\u00e9p V\u0129nh Th\u00e0nh\" \/>\n<meta property=\"article:modified_time\" content=\"2025-03-04T01:30:18+00:00\" \/>\n<meta property=\"og:image\" content=\"https:\/\/thepvinhthanh.com\/wp-content\/uploads\/2023\/09\/ad1eccce-2b44-4c4e-993a-e3eca63b4796-scaled.jpg\" \/>\n\t<meta property=\"og:image:width\" content=\"2560\" \/>\n\t<meta property=\"og:image:height\" content=\"2172\" \/>\n\t<meta property=\"og:image:type\" content=\"image\/jpeg\" \/>\n<meta name=\"twitter:card\" content=\"summary_large_image\" \/>\n<script type=\"application\/ld+json\" class=\"yoast-schema-graph\">{\"@context\":\"https:\/\/schema.org\",\"@graph\":[{\"@type\":\"WebPage\",\"@id\":\"https:\/\/thepvinhthanh.com\/?product=other-shapes-of-steel-bar&lang=en\",\"url\":\"https:\/\/thepvinhthanh.com\/?product=other-shapes-of-steel-bar&lang=en\",\"name\":\"Shapes Steel - C\u00f4ng Ty TNHH Th\u00e9p V\u0129nh Th\u00e0nh\",\"isPartOf\":{\"@id\":\"https:\/\/thepvinhthanh.com\/#website\"},\"datePublished\":\"2023-09-11T07:07:44+00:00\",\"dateModified\":\"2025-03-04T01:30:18+00:00\",\"breadcrumb\":{\"@id\":\"https:\/\/thepvinhthanh.com\/?product=other-shapes-of-steel-bar&lang=en#breadcrumb\"},\"inLanguage\":\"vi\",\"potentialAction\":[{\"@type\":\"ReadAction\",\"target\":[\"https:\/\/thepvinhthanh.com\/?product=other-shapes-of-steel-bar&lang=en\"]}]},{\"@type\":\"BreadcrumbList\",\"@id\":\"https:\/\/thepvinhthanh.com\/?product=other-shapes-of-steel-bar&lang=en#breadcrumb\",\"itemListElement\":[{\"@type\":\"ListItem\",\"position\":1,\"name\":\"Trang ch\u1ee7\",\"item\":\"https:\/\/thepvinhthanh.com\/\"},{\"@type\":\"ListItem\",\"position\":2,\"name\":\"S\u1ea3n ph\u1ea9m\",\"item\":\"https:\/\/thepvinhthanh.com\/?page_id=8\"},{\"@type\":\"ListItem\",\"position\":3,\"name\":\"Shapes Steel\"}]},{\"@type\":\"WebSite\",\"@id\":\"https:\/\/thepvinhthanh.com\/#website\",\"url\":\"https:\/\/thepvinhthanh.com\/\",\"name\":\"C\u00f4ng Ty TNHH Th\u00e9p V\u0129nh Th\u00e0nh\",\"description\":\"\",\"potentialAction\":[{\"@type\":\"SearchAction\",\"target\":{\"@type\":\"EntryPoint\",\"urlTemplate\":\"https:\/\/thepvinhthanh.com\/?s={search_term_string}\"},\"query-input\":\"required name=search_term_string\"}],\"inLanguage\":\"vi\"}]}<\/script>\n<!-- \/ Yoast SEO plugin. -->","yoast_head_json":{"title":"Shapes Steel - C\u00f4ng Ty TNHH Th\u00e9p V\u0129nh Th\u00e0nh","robots":{"index":"index","follow":"follow","max-snippet":"max-snippet:-1","max-image-preview":"max-image-preview:large","max-video-preview":"max-video-preview:-1"},"canonical":"https:\/\/thepvinhthanh.com\/?product=other-shapes-of-steel-bar&lang=en","og_locale":"vi_VN","og_type":"article","og_title":"Shapes Steel - C\u00f4ng Ty TNHH Th\u00e9p V\u0129nh Th\u00e0nh","og_description":"Please contact with us for more information about steel grade and specification. Thank you.","og_url":"https:\/\/thepvinhthanh.com\/?product=other-shapes-of-steel-bar&lang=en","og_site_name":"C\u00f4ng Ty TNHH Th\u00e9p V\u0129nh Th\u00e0nh","article_modified_time":"2025-03-04T01:30:18+00:00","og_image":[{"width":2560,"height":2172,"url":"https:\/\/thepvinhthanh.com\/wp-content\/uploads\/2023\/09\/ad1eccce-2b44-4c4e-993a-e3eca63b4796-scaled.jpg","type":"image\/jpeg"}],"twitter_card":"summary_large_image","schema":{"@context":"https:\/\/schema.org","@graph":[{"@type":"WebPage","@id":"https:\/\/thepvinhthanh.com\/?product=other-shapes-of-steel-bar&lang=en","url":"https:\/\/thepvinhthanh.com\/?product=other-shapes-of-steel-bar&lang=en","name":"Shapes Steel - C\u00f4ng Ty TNHH Th\u00e9p V\u0129nh Th\u00e0nh","isPartOf":{"@id":"https:\/\/thepvinhthanh.com\/#website"},"datePublished":"2023-09-11T07:07:44+00:00","dateModified":"2025-03-04T01:30:18+00:00","breadcrumb":{"@id":"https:\/\/thepvinhthanh.com\/?product=other-shapes-of-steel-bar&lang=en#breadcrumb"},"inLanguage":"vi","potentialAction":[{"@type":"ReadAction","target":["https:\/\/thepvinhthanh.com\/?product=other-shapes-of-steel-bar&lang=en"]}]},{"@type":"BreadcrumbList","@id":"https:\/\/thepvinhthanh.com\/?product=other-shapes-of-steel-bar&lang=en#breadcrumb","itemListElement":[{"@type":"ListItem","position":1,"name":"Trang ch\u1ee7","item":"https:\/\/thepvinhthanh.com\/"},{"@type":"ListItem","position":2,"name":"S\u1ea3n ph\u1ea9m","item":"https:\/\/thepvinhthanh.com\/?page_id=8"},{"@type":"ListItem","position":3,"name":"Shapes Steel"}]},{"@type":"WebSite","@id":"https:\/\/thepvinhthanh.com\/#website","url":"https:\/\/thepvinhthanh.com\/","name":"C\u00f4ng Ty TNHH Th\u00e9p V\u0129nh Th\u00e0nh","description":"","potentialAction":[{"@type":"SearchAction","target":{"@type":"EntryPoint","urlTemplate":"https:\/\/thepvinhthanh.com\/?s={search_term_string}"},"query-input":"required name=search_term_string"}],"inLanguage":"vi"}]}},"lang":"en","translations":{"en":1657,"vi":1651,"zh":1661},"pll_sync_post":[],"_links":{"self":[{"href":"https:\/\/thepvinhthanh.com\/index.php?rest_route=\/wp\/v2\/product\/1657","targetHints":{"allow":["GET"]}}],"collection":[{"href":"https:\/\/thepvinhthanh.com\/index.php?rest_route=\/wp\/v2\/product"}],"about":[{"href":"https:\/\/thepvinhthanh.com\/index.php?rest_route=\/wp\/v2\/types\/product"}],"wp:featuredmedia":[{"embeddable":true,"href":"https:\/\/thepvinhthanh.com\/index.php?rest_route=\/wp\/v2\/media\/1658"}],"wp:attachment":[{"href":"https:\/\/thepvinhthanh.com\/index.php?rest_route=%2Fwp%2Fv2%2Fmedia&parent=1657"}],"wp:term":[{"taxonomy":"product_cat","embeddable":true,"href":"https:\/\/thepvinhthanh.com\/index.php?rest_route=%2Fwp%2Fv2%2Fproduct_cat&post=1657"},{"taxonomy":"product_tag","embeddable":true,"href":"https:\/\/thepvinhthanh.com\/index.php?rest_route=%2Fwp%2Fv2%2Fproduct_tag&post=1657"}],"curies":[{"name":"wp","href":"https:\/\/api.w.org\/{rel}","templated":true}]}}