{"id":1661,"date":"2023-09-11T07:08:26","date_gmt":"2023-09-11T07:08:26","guid":{"rendered":"https:\/\/demo.thepvinhthanh.com\/?post_type=product&#038;p=1661"},"modified":"2025-03-17T09:22:45","modified_gmt":"2025-03-17T09:22:45","slug":"%e7%95%b0%e5%bd%a2%e6%a3%92%e6%9d%90","status":"publish","type":"product","link":"https:\/\/thepvinhthanh.com\/?product=%E7%95%B0%E5%BD%A2%E6%A3%92%E6%9D%90&lang=zh","title":{"rendered":"\u7570\u5f62\u68d2"},"content":{"rendered":"","protected":false},"excerpt":{"rendered":"<p>\u8acb\u8207\u6211\u5011\u806f\u7e6b\u4ee5\u4e86\u89e3\u6709\u95dc\u92fc\u7a2e\u548c\u898f\u683c\u7684\u66f4\u591a\u4fe1\u606f\u3002\u8b1d\u8b1d\uff01<\/p>\n","protected":false},"featured_media":1662,"template":"","meta":{"inline_featured_image":false},"product_cat":[235],"product_tag":[],"class_list":{"0":"post-1661","1":"product","2":"type-product","3":"status-publish","4":"has-post-thumbnail","6":"product_cat-235","8":"first","9":"instock","10":"shipping-taxable","11":"product-type-simple"},"yoast_head":"<!-- This site is optimized with the Yoast SEO plugin v21.0 - https:\/\/yoast.com\/wordpress\/plugins\/seo\/ -->\n<title>\u7570\u5f62\u68d2 - C\u00f4ng Ty TNHH Th\u00e9p V\u0129nh Th\u00e0nh<\/title>\n<meta name=\"robots\" content=\"index, follow, max-snippet:-1, max-image-preview:large, max-video-preview:-1\" \/>\n<link rel=\"canonical\" href=\"https:\/\/thepvinhthanh.com\/?product=\u7570\u5f62\u68d2\u6750&lang=zh\" \/>\n<meta property=\"og:locale\" content=\"vi_VN\" \/>\n<meta property=\"og:type\" content=\"article\" \/>\n<meta property=\"og:title\" content=\"\u7570\u5f62\u68d2 - C\u00f4ng Ty TNHH Th\u00e9p V\u0129nh Th\u00e0nh\" \/>\n<meta property=\"og:description\" content=\"\u8acb\u8207\u6211\u5011\u806f\u7e6b\u4ee5\u4e86\u89e3\u6709\u95dc\u92fc\u7a2e\u548c\u898f\u683c\u7684\u66f4\u591a\u4fe1\u606f\u3002\u8b1d\u8b1d\uff01\" \/>\n<meta property=\"og:url\" content=\"https:\/\/thepvinhthanh.com\/?product=\u7570\u5f62\u68d2\u6750&amp;lang=zh\" \/>\n<meta property=\"og:site_name\" content=\"C\u00f4ng Ty TNHH Th\u00e9p V\u0129nh Th\u00e0nh\" \/>\n<meta property=\"article:modified_time\" content=\"2025-03-17T09:22:45+00:00\" \/>\n<meta property=\"og:image\" content=\"https:\/\/thepvinhthanh.com\/wp-content\/uploads\/2023\/09\/ad1eccce-2b44-4c4e-993a-e3eca63b4796-scaled.jpg\" \/>\n\t<meta property=\"og:image:width\" content=\"2560\" \/>\n\t<meta property=\"og:image:height\" content=\"2172\" \/>\n\t<meta property=\"og:image:type\" content=\"image\/jpeg\" \/>\n<meta name=\"twitter:card\" content=\"summary_large_image\" \/>\n<script type=\"application\/ld+json\" class=\"yoast-schema-graph\">{\"@context\":\"https:\/\/schema.org\",\"@graph\":[{\"@type\":\"WebPage\",\"@id\":\"https:\/\/thepvinhthanh.com\/?product=%E7%95%B0%E5%BD%A2%E6%A3%92%E6%9D%90&lang=zh\",\"url\":\"https:\/\/thepvinhthanh.com\/?product=%E7%95%B0%E5%BD%A2%E6%A3%92%E6%9D%90&lang=zh\",\"name\":\"\u7570\u5f62\u68d2 - C\u00f4ng Ty TNHH Th\u00e9p V\u0129nh Th\u00e0nh\",\"isPartOf\":{\"@id\":\"https:\/\/thepvinhthanh.com\/#website\"},\"datePublished\":\"2023-09-11T07:08:26+00:00\",\"dateModified\":\"2025-03-17T09:22:45+00:00\",\"breadcrumb\":{\"@id\":\"https:\/\/thepvinhthanh.com\/?product=%E7%95%B0%E5%BD%A2%E6%A3%92%E6%9D%90&lang=zh#breadcrumb\"},\"inLanguage\":\"vi\",\"potentialAction\":[{\"@type\":\"ReadAction\",\"target\":[\"https:\/\/thepvinhthanh.com\/?product=%E7%95%B0%E5%BD%A2%E6%A3%92%E6%9D%90&lang=zh\"]}]},{\"@type\":\"BreadcrumbList\",\"@id\":\"https:\/\/thepvinhthanh.com\/?product=%E7%95%B0%E5%BD%A2%E6%A3%92%E6%9D%90&lang=zh#breadcrumb\",\"itemListElement\":[{\"@type\":\"ListItem\",\"position\":1,\"name\":\"Trang ch\u1ee7\",\"item\":\"https:\/\/thepvinhthanh.com\/\"},{\"@type\":\"ListItem\",\"position\":2,\"name\":\"S\u1ea3n ph\u1ea9m\",\"item\":\"https:\/\/thepvinhthanh.com\/?page_id=8\"},{\"@type\":\"ListItem\",\"position\":3,\"name\":\"\u7570\u5f62\u68d2\"}]},{\"@type\":\"WebSite\",\"@id\":\"https:\/\/thepvinhthanh.com\/#website\",\"url\":\"https:\/\/thepvinhthanh.com\/\",\"name\":\"C\u00f4ng Ty TNHH Th\u00e9p V\u0129nh Th\u00e0nh\",\"description\":\"\",\"potentialAction\":[{\"@type\":\"SearchAction\",\"target\":{\"@type\":\"EntryPoint\",\"urlTemplate\":\"https:\/\/thepvinhthanh.com\/?s={search_term_string}\"},\"query-input\":\"required name=search_term_string\"}],\"inLanguage\":\"vi\"}]}<\/script>\n<!-- \/ Yoast SEO plugin. -->","yoast_head_json":{"title":"\u7570\u5f62\u68d2 - C\u00f4ng Ty TNHH Th\u00e9p V\u0129nh Th\u00e0nh","robots":{"index":"index","follow":"follow","max-snippet":"max-snippet:-1","max-image-preview":"max-image-preview:large","max-video-preview":"max-video-preview:-1"},"canonical":"https:\/\/thepvinhthanh.com\/?product=\u7570\u5f62\u68d2\u6750&lang=zh","og_locale":"vi_VN","og_type":"article","og_title":"\u7570\u5f62\u68d2 - C\u00f4ng Ty TNHH Th\u00e9p V\u0129nh Th\u00e0nh","og_description":"\u8acb\u8207\u6211\u5011\u806f\u7e6b\u4ee5\u4e86\u89e3\u6709\u95dc\u92fc\u7a2e\u548c\u898f\u683c\u7684\u66f4\u591a\u4fe1\u606f\u3002\u8b1d\u8b1d\uff01","og_url":"https:\/\/thepvinhthanh.com\/?product=\u7570\u5f62\u68d2\u6750&lang=zh","og_site_name":"C\u00f4ng Ty TNHH Th\u00e9p V\u0129nh Th\u00e0nh","article_modified_time":"2025-03-17T09:22:45+00:00","og_image":[{"width":2560,"height":2172,"url":"https:\/\/thepvinhthanh.com\/wp-content\/uploads\/2023\/09\/ad1eccce-2b44-4c4e-993a-e3eca63b4796-scaled.jpg","type":"image\/jpeg"}],"twitter_card":"summary_large_image","schema":{"@context":"https:\/\/schema.org","@graph":[{"@type":"WebPage","@id":"https:\/\/thepvinhthanh.com\/?product=%E7%95%B0%E5%BD%A2%E6%A3%92%E6%9D%90&lang=zh","url":"https:\/\/thepvinhthanh.com\/?product=%E7%95%B0%E5%BD%A2%E6%A3%92%E6%9D%90&lang=zh","name":"\u7570\u5f62\u68d2 - C\u00f4ng Ty TNHH Th\u00e9p V\u0129nh Th\u00e0nh","isPartOf":{"@id":"https:\/\/thepvinhthanh.com\/#website"},"datePublished":"2023-09-11T07:08:26+00:00","dateModified":"2025-03-17T09:22:45+00:00","breadcrumb":{"@id":"https:\/\/thepvinhthanh.com\/?product=%E7%95%B0%E5%BD%A2%E6%A3%92%E6%9D%90&lang=zh#breadcrumb"},"inLanguage":"vi","potentialAction":[{"@type":"ReadAction","target":["https:\/\/thepvinhthanh.com\/?product=%E7%95%B0%E5%BD%A2%E6%A3%92%E6%9D%90&lang=zh"]}]},{"@type":"BreadcrumbList","@id":"https:\/\/thepvinhthanh.com\/?product=%E7%95%B0%E5%BD%A2%E6%A3%92%E6%9D%90&lang=zh#breadcrumb","itemListElement":[{"@type":"ListItem","position":1,"name":"Trang ch\u1ee7","item":"https:\/\/thepvinhthanh.com\/"},{"@type":"ListItem","position":2,"name":"S\u1ea3n ph\u1ea9m","item":"https:\/\/thepvinhthanh.com\/?page_id=8"},{"@type":"ListItem","position":3,"name":"\u7570\u5f62\u68d2"}]},{"@type":"WebSite","@id":"https:\/\/thepvinhthanh.com\/#website","url":"https:\/\/thepvinhthanh.com\/","name":"C\u00f4ng Ty TNHH Th\u00e9p V\u0129nh Th\u00e0nh","description":"","potentialAction":[{"@type":"SearchAction","target":{"@type":"EntryPoint","urlTemplate":"https:\/\/thepvinhthanh.com\/?s={search_term_string}"},"query-input":"required name=search_term_string"}],"inLanguage":"vi"}]}},"lang":"zh","translations":{"zh":1661,"en":1657,"vi":1651},"pll_sync_post":[],"_links":{"self":[{"href":"https:\/\/thepvinhthanh.com\/index.php?rest_route=\/wp\/v2\/product\/1661","targetHints":{"allow":["GET"]}}],"collection":[{"href":"https:\/\/thepvinhthanh.com\/index.php?rest_route=\/wp\/v2\/product"}],"about":[{"href":"https:\/\/thepvinhthanh.com\/index.php?rest_route=\/wp\/v2\/types\/product"}],"wp:featuredmedia":[{"embeddable":true,"href":"https:\/\/thepvinhthanh.com\/index.php?rest_route=\/wp\/v2\/media\/1662"}],"wp:attachment":[{"href":"https:\/\/thepvinhthanh.com\/index.php?rest_route=%2Fwp%2Fv2%2Fmedia&parent=1661"}],"wp:term":[{"taxonomy":"product_cat","embeddable":true,"href":"https:\/\/thepvinhthanh.com\/index.php?rest_route=%2Fwp%2Fv2%2Fproduct_cat&post=1661"},{"taxonomy":"product_tag","embeddable":true,"href":"https:\/\/thepvinhthanh.com\/index.php?rest_route=%2Fwp%2Fv2%2Fproduct_tag&post=1661"}],"curies":[{"name":"wp","href":"https:\/\/api.w.org\/{rel}","templated":true}]}}